{"id":4384,"date":"2023-06-25T17:18:06","date_gmt":"2023-06-25T15:18:06","guid":{"rendered":"https:\/\/hollyweedbarcelona.com\/?page_id=4384"},"modified":"2026-04-12T20:12:24","modified_gmt":"2026-04-12T18:12:24","slug":"by-that-hollyweed","status":"publish","type":"page","link":"https:\/\/hollyweedbarcelona.com\/de\/by-that-hollyweed\/","title":{"rendered":"Warum Stechapfel?"},"content":{"rendered":"<div data-elementor-type=\"wp-page\" data-elementor-id=\"4384\" class=\"elementor elementor-4384\" data-elementor-post-type=\"page\">\n\t\t\t\t\t\t<section class=\"elementor-section elementor-top-section elementor-element elementor-element-10457b9 elementor-section-boxed elementor-section-height-default elementor-section-height-default\" data-id=\"10457b9\" data-element_type=\"section\" data-e-type=\"section\">\n\t\t\t\t\t\t<div class=\"elementor-container elementor-column-gap-default\">\n\t\t\t\t\t<div class=\"elementor-column elementor-col-100 elementor-top-column elementor-element elementor-element-f3fee4f\" data-id=\"f3fee4f\" data-element_type=\"column\" data-e-type=\"column\">\n\t\t\t<div class=\"elementor-widget-wrap elementor-element-populated\">\n\t\t\t\t\t\t<div class=\"elementor-element elementor-element-3a572b9 elementor-widget elementor-widget-heading\" data-id=\"3a572b9\" data-element_type=\"widget\" data-e-type=\"widget\" data-widget_type=\"heading.default\">\n\t\t\t\t<div class=\"elementor-widget-container\">\n\t\t\t\t\t<h1 class=\"elementor-heading-title elementor-size-default\">WAS IST STECHAPFEL?<\/h1>\t\t\t\t<\/div>\n\t\t\t\t<\/div>\n\t\t\t\t<div class=\"elementor-element elementor-element-c626318 elementor-widget elementor-widget-text-editor\" data-id=\"c626318\" data-element_type=\"widget\" data-e-type=\"widget\" data-widget_type=\"text-editor.default\">\n\t\t\t\t<div class=\"elementor-widget-container\">\n\t\t\t\t\t\t\t\t\t<p>Hollyweed wurde 2020 mit der Idee geboren, mit den traditionellen Cannabis-Vereinigungen bis dahin zu brechen. Ein Club, in dem Mitglieder und Mitarbeiter f\u00fcr den Aufbau und die Aufrechterhaltung einer Gemeinschaft verantwortlich sind, mit der man sich austauschen und in die Cannabiskultur Barcelonas eintauchen kann.<\/p>\t\t\t\t\t\t\t\t<\/div>\n\t\t\t\t<\/div>\n\t\t\t\t\t<\/div>\n\t\t<\/div>\n\t\t\t\t\t<\/div>\n\t\t<\/section>\n\t\t\t\t<section class=\"elementor-section elementor-top-section elementor-element elementor-element-7a3a1f8 elementor-section-boxed elementor-section-height-default elementor-section-height-default\" data-id=\"7a3a1f8\" data-element_type=\"section\" data-e-type=\"section\">\n\t\t\t\t\t\t<div class=\"elementor-container elementor-column-gap-default\">\n\t\t\t\t\t<div class=\"elementor-column elementor-col-50 elementor-top-column elementor-element elementor-element-aac2f4b\" data-id=\"aac2f4b\" data-element_type=\"column\" data-e-type=\"column\">\n\t\t\t<div class=\"elementor-widget-wrap elementor-element-populated\">\n\t\t\t\t\t\t<div class=\"elementor-element elementor-element-3332895 elementor-widget elementor-widget-image\" data-id=\"3332895\" data-element_type=\"widget\" data-e-type=\"widget\" data-widget_type=\"image.default\">\n\t\t\t\t<div class=\"elementor-widget-container\">\n\t\t\t\t\t\t\t\t\t\t\t\t\t\t\t<img fetchpriority=\"high\" decoding=\"async\" width=\"683\" height=\"1024\" src=\"https:\/\/hollyweedbarcelona.com\/wp-content\/uploads\/hollyweed-683x1024.jpg\" class=\"attachment-large size-large wp-image-7788\" alt=\"Cannabisverband\" srcset=\"https:\/\/hollyweedbarcelona.com\/wp-content\/uploads\/hollyweed-683x1024.jpg 683w, https:\/\/hollyweedbarcelona.com\/wp-content\/uploads\/hollyweed-200x300.jpg 200w, https:\/\/hollyweedbarcelona.com\/wp-content\/uploads\/hollyweed-768x1152.jpg 768w, https:\/\/hollyweedbarcelona.com\/wp-content\/uploads\/hollyweed-1024x1536.jpg 1024w, https:\/\/hollyweedbarcelona.com\/wp-content\/uploads\/hollyweed-1366x2048.jpg 1366w, https:\/\/hollyweedbarcelona.com\/wp-content\/uploads\/hollyweed-8x12.jpg 8w, https:\/\/hollyweedbarcelona.com\/wp-content\/uploads\/hollyweed.jpg 1707w\" sizes=\"(max-width: 683px) 100vw, 683px\" \/>\t\t\t\t\t\t\t\t\t\t\t\t\t\t\t<\/div>\n\t\t\t\t<\/div>\n\t\t\t\t\t<\/div>\n\t\t<\/div>\n\t\t\t\t<div class=\"elementor-column elementor-col-50 elementor-top-column elementor-element elementor-element-d9905f9\" data-id=\"d9905f9\" data-element_type=\"column\" data-e-type=\"column\">\n\t\t\t<div class=\"elementor-widget-wrap elementor-element-populated\">\n\t\t\t\t\t\t<div class=\"elementor-element elementor-element-e1759ee elementor-widget elementor-widget-text-editor\" data-id=\"e1759ee\" data-element_type=\"widget\" data-e-type=\"widget\" data-widget_type=\"text-editor.default\">\n\t\t\t\t<div class=\"elementor-widget-container\">\n\t\t\t\t\t\t\t\t\t<p data-path-to-node=\"0\">In Barcelona, <b data-path-to-node=\"0\" data-index-in-node=\"14\">Stechpalmenkraut<\/b> ist nicht nur eine Anspielung auf das Kartell von Los Angeles, sondern auch der Name eines der wichtigsten <b data-path-to-node=\"0\" data-index-in-node=\"105\">Cannabis Social Clubs (CSCs)<\/b> die in der Stadt am bekanntesten sind.<\/p><p data-path-to-node=\"1\">Im Gegensatz zum Amsterdamer \u00abCoffee Shop\u00bb-Konzept funktionieren diese Lokale nach einem f\u00fcr Spanien spezifischen assoziativen Modell. Hier erfahren Sie, was es ist und wie es funktioniert:<\/p><h3 data-path-to-node=\"2\">Was ist Hollyweed Barcelona?<\/h3><p data-path-to-node=\"3\">Es ist ein <b data-path-to-node=\"3\" data-index-in-node=\"7\">Cannabisverband<\/b> befindet sich im Viertel Nou Barris (genauer gesagt in der Carrer d'Esc\u00f2cia). Es beschreibt sich selbst als ein Raum mit einem \u00abrockigen, aber eleganten\u00bb Stil, der nicht nur f\u00fcr den Konsum, sondern auch als soziales und kulturelles Zentrum konzipiert ist.<\/p><h3 data-path-to-node=\"4\">Merkmale des Standorts<\/h3><ul data-path-to-node=\"5\"><li><p data-path-to-node=\"5,0,0\"><b data-path-to-node=\"5,0,0\" data-index-in-node=\"0\">Umwelt:<\/b> Es ist ein ger\u00e4umiger Veranstaltungsort mit Sofas, Co-Working-Tischen, Live-Musik, Billardtischen und Bildschirmen, um Sport oder Filme zu sehen.<\/p><\/li><li><p data-path-to-node=\"5,1,0\"><b data-path-to-node=\"5,1,0\" data-index-in-node=\"0\">Aktivit\u00e4ten:<\/b> Sie organisieren Gemeinschaftsveranstaltungen wie exklusive Verkostungen, Konzerte, Cannabis-Kochworkshops und Filmvorf\u00fchrungen.<\/p><\/li><li><p data-path-to-node=\"5,2,0\"><b data-path-to-node=\"5,2,0\" data-index-in-node=\"0\">Qualit\u00e4t:<\/b> Sie konzentrieren sich auf das Angebot ausgew\u00e4hlter Produkte und die Beratung durch geschultes Personal, das \u00fcber die verschiedenen Sorten Auskunft gibt.<\/p><\/li><\/ul>\t\t\t\t\t\t\t\t<\/div>\n\t\t\t\t<\/div>\n\t\t\t\t\t<\/div>\n\t\t<\/div>\n\t\t\t\t\t<\/div>\n\t\t<\/section>\n\t\t\t\t<section class=\"elementor-section elementor-top-section elementor-element elementor-element-20ee64b elementor-section-boxed elementor-section-height-default elementor-section-height-default\" data-id=\"20ee64b\" data-element_type=\"section\" data-e-type=\"section\">\n\t\t\t\t\t\t<div class=\"elementor-container elementor-column-gap-default\">\n\t\t\t\t\t<div class=\"elementor-column elementor-col-100 elementor-top-column elementor-element elementor-element-0d88bd1\" data-id=\"0d88bd1\" data-element_type=\"column\" data-e-type=\"column\">\n\t\t\t<div class=\"elementor-widget-wrap elementor-element-populated\">\n\t\t\t\t\t\t<div class=\"elementor-element elementor-element-ac1d49a elementor-widget elementor-widget-text-editor\" data-id=\"ac1d49a\" data-element_type=\"widget\" data-e-type=\"widget\" data-widget_type=\"text-editor.default\">\n\t\t\t\t<div class=\"elementor-widget-container\">\n\t\t\t\t\t\t\t\t\t<h3 data-path-to-node=\"6\"><span style=\"color: #000000;\">Zugangsregeln (wichtig)<\/span><\/h3><p data-path-to-node=\"7\"><span style=\"color: #000000;\">Um Hollyweed (oder einen anderen Club in Barcelona) zu betreten, m\u00fcssen Sie die in Katalonien geltenden gesetzlichen Bestimmungen einhalten:<\/span><\/p><ol start=\"1\" data-path-to-node=\"8\"><li><p data-path-to-node=\"8,0,0\"><span style=\"color: #000000;\"><b data-path-to-node=\"8,0,0\" data-index-in-node=\"0\">Werden Sie Mitglied:<\/b> Sie k\u00f6nnen nicht einfach reinspazieren und kaufen. Sie m\u00fcssen sich als Mitglied des Verbandes anmelden.<\/span><\/p><\/li><li><p data-path-to-node=\"8,1,0\"><span style=\"color: #000000;\"><b data-path-to-node=\"8,1,0\" data-index-in-node=\"0\">Alter der Vollj\u00e4hrigkeit:<\/b> Das Mindestalter betr\u00e4gt in der Regel <b data-path-to-node=\"8,1,0\" data-index-in-node=\"42\">21 Jahre alt<\/b> (obwohl die gesetzliche Grenze bei 18 liegt, halten viele angesehene Clubs die Grenze bei 21).<\/span><\/p><\/li><li><p data-path-to-node=\"8,2,0\"><span style=\"color: #000000;\"><b data-path-to-node=\"8,2,0\" data-index-in-node=\"0\">Einladung\/Registrierung:<\/b> In der Regel m\u00fcssen Sie von einem aktuellen Partner empfohlen werden oder eine Vorregistrierung auf der Website vornehmen, bevor Sie sich pers\u00f6nlich vorstellen k\u00f6nnen.<\/span><\/p><\/li><li><p data-path-to-node=\"8,3,0\"><span style=\"color: #000000;\"><b data-path-to-node=\"8,3,0\" data-index-in-node=\"0\">Identifizierung:<\/b> Die Vorlage eines amtlichen Ausweises (DNI, NIE oder Reisepass) ist obligatorisch.<\/span><\/p><\/li><\/ol><p data-path-to-node=\"10,0\">\u00a0<\/p><blockquote><p data-path-to-node=\"10,0\"><span style=\"color: #000000;\"><b data-path-to-node=\"10,0\" data-index-in-node=\"0\">Rechtlicher Hinweis:<\/b> Der Cannabiskonsum ist in Spanien nur in privaten R\u00e4umen (z. B. zu Hause oder in diesen Clubs) legal. Der Konsum oder das Mitf\u00fchren von Cannabis auf \u00f6ffentlichen Stra\u00dfen kann zu Bu\u00dfgeldern f\u00fchren.<\/span><\/p><\/blockquote>\t\t\t\t\t\t\t\t<\/div>\n\t\t\t\t<\/div>\n\t\t\t\t<div class=\"elementor-element elementor-element-43502629 elementor-align-center elementor-widget elementor-widget-button\" data-id=\"43502629\" data-element_type=\"widget\" data-e-type=\"widget\" data-widget_type=\"button.default\">\n\t\t\t\t<div class=\"elementor-widget-container\">\n\t\t\t\t\t\t\t\t\t<div class=\"elementor-button-wrapper\">\n\t\t\t\t\t<a class=\"elementor-button elementor-button-link elementor-size-sm\" href=\"https:\/\/hollyweedbarcelona.com\/de\/cannabis-vereinigungen\/\">\n\t\t\t\t\t\t<span class=\"elementor-button-content-wrapper\">\n\t\t\t\t\t\t<span class=\"elementor-button-icon\">\n\t\t\t\t<i aria-hidden=\"true\" class=\"fas fa-arrow-right\"><\/i>\t\t\t<\/span>\n\t\t\t\t\t\t\t\t\t<span class=\"elementor-button-text\">Legalit\u00e4t von Marihuana in Barcelona<\/span>\n\t\t\t\t\t<\/span>\n\t\t\t\t\t<\/a>\n\t\t\t\t<\/div>\n\t\t\t\t\t\t\t\t<\/div>\n\t\t\t\t<\/div>\n\t\t\t\t\t<\/div>\n\t\t<\/div>\n\t\t\t\t\t<\/div>\n\t\t<\/section>\n\t\t\t\t<\/div>","protected":false},"excerpt":{"rendered":"<p>\u00bfQUE ES HOLLYWEED? Hollyweed nace en el 2020 con la idea de romper con lo tradicional que ofrec\u00edan las asociaciones cann\u00e1bicas hasta ese momento. Un club donde socios y colaboradores son los responsables de hacer crecer y mantener una comunidad, con la cual compartir y adentrarse en la cultura cann\u00e1bica de Barcelona. En Barcelona, Hollyweed [&hellip;]<\/p>\n","protected":false},"author":5,"featured_media":0,"parent":0,"menu_order":0,"comment_status":"closed","ping_status":"closed","template":"","meta":{"_joinchat":[],"footnotes":""},"class_list":["post-4384","page","type-page","status-publish","hentry"],"yoast_head":"<!-- This site is optimized with the Yoast SEO plugin v27.4 - https:\/\/yoast.com\/product\/yoast-seo-wordpress\/ -->\n<title>\u00bfPor qu\u00e9 Hollyweed? | Hollyweed BCN<\/title>\n<meta name=\"description\" content=\"\u00bfQUE ES HOLLYWEED? Hollyweed nace en el 2020 con la idea de romper con lo tradicional que ofrec\u00edan las asociaciones cann\u00e1bicas hasta ese momento. Un club\" \/>\n<meta name=\"robots\" content=\"index, follow, max-snippet:-1, max-image-preview:large, max-video-preview:-1\" \/>\n<link rel=\"canonical\" href=\"https:\/\/hollyweedbarcelona.com\/de\/by-that-hollyweed\/\" \/>\n<meta name=\"twitter:label1\" content=\"Gesch\u00e4tzte Lesezeit\" \/>\n\t<meta name=\"twitter:data1\" content=\"2\u00a0Minuten\" \/>\n<script type=\"application\/ld+json\" class=\"yoast-schema-graph\">{\"@context\":\"https:\\\/\\\/schema.org\",\"@graph\":[{\"@type\":\"WebPage\",\"@id\":\"https:\\\/\\\/hollyweedbarcelona.com\\\/por-que-hollyweed\\\/\",\"url\":\"https:\\\/\\\/hollyweedbarcelona.com\\\/por-que-hollyweed\\\/\",\"name\":\"\u00bfPor qu\u00e9 Hollyweed? | Hollyweed BCN\",\"isPartOf\":{\"@id\":\"https:\\\/\\\/hollyweedbarcelona.com\\\/#website\"},\"primaryImageOfPage\":{\"@id\":\"https:\\\/\\\/hollyweedbarcelona.com\\\/por-que-hollyweed\\\/#primaryimage\"},\"image\":{\"@id\":\"https:\\\/\\\/hollyweedbarcelona.com\\\/por-que-hollyweed\\\/#primaryimage\"},\"thumbnailUrl\":\"https:\\\/\\\/hollyweedbarcelona.com\\\/wp-content\\\/uploads\\\/hollyweed-683x1024.jpg\",\"datePublished\":\"2023-06-25T15:18:06+00:00\",\"dateModified\":\"2026-04-12T18:12:24+00:00\",\"description\":\"\u00bfQUE ES HOLLYWEED? Hollyweed nace en el 2020 con la idea de romper con lo tradicional que ofrec\u00edan las asociaciones cann\u00e1bicas hasta ese momento. Un club\",\"breadcrumb\":{\"@id\":\"https:\\\/\\\/hollyweedbarcelona.com\\\/por-que-hollyweed\\\/#breadcrumb\"},\"inLanguage\":\"de\",\"potentialAction\":[{\"@type\":\"ReadAction\",\"target\":[\"https:\\\/\\\/hollyweedbarcelona.com\\\/por-que-hollyweed\\\/\"]}]},{\"@type\":\"ImageObject\",\"inLanguage\":\"de\",\"@id\":\"https:\\\/\\\/hollyweedbarcelona.com\\\/por-que-hollyweed\\\/#primaryimage\",\"url\":\"https:\\\/\\\/hollyweedbarcelona.com\\\/wp-content\\\/uploads\\\/hollyweed-683x1024.jpg\",\"contentUrl\":\"https:\\\/\\\/hollyweedbarcelona.com\\\/wp-content\\\/uploads\\\/hollyweed-683x1024.jpg\"},{\"@type\":\"BreadcrumbList\",\"@id\":\"https:\\\/\\\/hollyweedbarcelona.com\\\/por-que-hollyweed\\\/#breadcrumb\",\"itemListElement\":[{\"@type\":\"ListItem\",\"position\":1,\"name\":\"Portada\",\"item\":\"https:\\\/\\\/hollyweedbarcelona.com\\\/\"},{\"@type\":\"ListItem\",\"position\":2,\"name\":\"\u00bfPor qu\u00e9 Hollyweed?\"}]},{\"@type\":\"WebSite\",\"@id\":\"https:\\\/\\\/hollyweedbarcelona.com\\\/#website\",\"url\":\"https:\\\/\\\/hollyweedbarcelona.com\\\/\",\"name\":\"Hollyweed BCN\",\"description\":\"\",\"publisher\":{\"@id\":\"https:\\\/\\\/hollyweedbarcelona.com\\\/#organization\"},\"alternateName\":\"Hollyweed Barcelona\",\"potentialAction\":[{\"@type\":\"SearchAction\",\"target\":{\"@type\":\"EntryPoint\",\"urlTemplate\":\"https:\\\/\\\/hollyweedbarcelona.com\\\/?s={search_term_string}\"},\"query-input\":{\"@type\":\"PropertyValueSpecification\",\"valueRequired\":true,\"valueName\":\"search_term_string\"}}],\"inLanguage\":\"de\"},{\"@type\":\"Organization\",\"@id\":\"https:\\\/\\\/hollyweedbarcelona.com\\\/#organization\",\"name\":\"Hollyweed BCN\",\"alternateName\":\"Hollyweed Barcelona\",\"url\":\"https:\\\/\\\/hollyweedbarcelona.com\\\/\",\"logo\":{\"@type\":\"ImageObject\",\"inLanguage\":\"de\",\"@id\":\"https:\\\/\\\/hollyweedbarcelona.com\\\/#\\\/schema\\\/logo\\\/image\\\/\",\"url\":\"https:\\\/\\\/hollyweedbarcelona.com\\\/wp-content\\\/uploads\\\/2021\\\/08\\\/cropped-Foto-1-10-20-23-58-30-1.png\",\"contentUrl\":\"https:\\\/\\\/hollyweedbarcelona.com\\\/wp-content\\\/uploads\\\/2021\\\/08\\\/cropped-Foto-1-10-20-23-58-30-1.png\",\"width\":512,\"height\":512,\"caption\":\"Hollyweed BCN\"},\"image\":{\"@id\":\"https:\\\/\\\/hollyweedbarcelona.com\\\/#\\\/schema\\\/logo\\\/image\\\/\"},\"sameAs\":[\"https:\\\/\\\/www.instagram.com\\\/hollyweedclub\",\"https:\\\/\\\/www.tripadvisor.es\\\/Attraction_Review-g187497-d24091610-Reviews-Hollyweed_Bcn-Barcelona_Catalonia.html\"]}]}<\/script>\n<!-- \/ Yoast SEO plugin. -->","yoast_head_json":{"title":"Warum Hollyweed - Hollyweed BCN?","description":"WAS IST HOLLYWEED? Hollyweed wurde 2020 mit der Idee geboren, sich von den bis dahin \u00fcblichen Cannabis-Assoziationen zu l\u00f6sen. Ein Club","robots":{"index":"index","follow":"follow","max-snippet":"max-snippet:-1","max-image-preview":"max-image-preview:large","max-video-preview":"max-video-preview:-1"},"canonical":"https:\/\/hollyweedbarcelona.com\/de\/by-that-hollyweed\/","twitter_misc":{"Gesch\u00e4tzte Lesezeit":"2\u00a0Minuten"},"schema":{"@context":"https:\/\/schema.org","@graph":[{"@type":"WebPage","@id":"https:\/\/hollyweedbarcelona.com\/por-que-hollyweed\/","url":"https:\/\/hollyweedbarcelona.com\/por-que-hollyweed\/","name":"Warum Hollyweed - Hollyweed BCN?","isPartOf":{"@id":"https:\/\/hollyweedbarcelona.com\/#website"},"primaryImageOfPage":{"@id":"https:\/\/hollyweedbarcelona.com\/por-que-hollyweed\/#primaryimage"},"image":{"@id":"https:\/\/hollyweedbarcelona.com\/por-que-hollyweed\/#primaryimage"},"thumbnailUrl":"https:\/\/hollyweedbarcelona.com\/wp-content\/uploads\/hollyweed-683x1024.jpg","datePublished":"2023-06-25T15:18:06+00:00","dateModified":"2026-04-12T18:12:24+00:00","description":"WAS IST HOLLYWEED? Hollyweed wurde 2020 mit der Idee geboren, sich von den bis dahin \u00fcblichen Cannabis-Assoziationen zu l\u00f6sen. Ein Club","breadcrumb":{"@id":"https:\/\/hollyweedbarcelona.com\/por-que-hollyweed\/#breadcrumb"},"inLanguage":"de","potentialAction":[{"@type":"ReadAction","target":["https:\/\/hollyweedbarcelona.com\/por-que-hollyweed\/"]}]},{"@type":"ImageObject","inLanguage":"de","@id":"https:\/\/hollyweedbarcelona.com\/por-que-hollyweed\/#primaryimage","url":"https:\/\/hollyweedbarcelona.com\/wp-content\/uploads\/hollyweed-683x1024.jpg","contentUrl":"https:\/\/hollyweedbarcelona.com\/wp-content\/uploads\/hollyweed-683x1024.jpg"},{"@type":"BreadcrumbList","@id":"https:\/\/hollyweedbarcelona.com\/por-que-hollyweed\/#breadcrumb","itemListElement":[{"@type":"ListItem","position":1,"name":"Portada","item":"https:\/\/hollyweedbarcelona.com\/"},{"@type":"ListItem","position":2,"name":"\u00bfPor qu\u00e9 Hollyweed?"}]},{"@type":"WebSite","@id":"https:\/\/hollyweedbarcelona.com\/#website","url":"https:\/\/hollyweedbarcelona.com\/","name":"Stechapfel BCN","description":"","publisher":{"@id":"https:\/\/hollyweedbarcelona.com\/#organization"},"alternateName":"Hollyweed Barcelona","potentialAction":[{"@type":"SearchAction","target":{"@type":"EntryPoint","urlTemplate":"https:\/\/hollyweedbarcelona.com\/?s={search_term_string}"},"query-input":{"@type":"PropertyValueSpecification","valueRequired":true,"valueName":"search_term_string"}}],"inLanguage":"de"},{"@type":"Organization","@id":"https:\/\/hollyweedbarcelona.com\/#organization","name":"Stechapfel BCN","alternateName":"Hollyweed Barcelona","url":"https:\/\/hollyweedbarcelona.com\/","logo":{"@type":"ImageObject","inLanguage":"de","@id":"https:\/\/hollyweedbarcelona.com\/#\/schema\/logo\/image\/","url":"https:\/\/hollyweedbarcelona.com\/wp-content\/uploads\/2021\/08\/cropped-Foto-1-10-20-23-58-30-1.png","contentUrl":"https:\/\/hollyweedbarcelona.com\/wp-content\/uploads\/2021\/08\/cropped-Foto-1-10-20-23-58-30-1.png","width":512,"height":512,"caption":"Hollyweed BCN"},"image":{"@id":"https:\/\/hollyweedbarcelona.com\/#\/schema\/logo\/image\/"},"sameAs":["https:\/\/www.instagram.com\/hollyweedclub","https:\/\/www.tripadvisor.es\/Attraction_Review-g187497-d24091610-Reviews-Hollyweed_Bcn-Barcelona_Catalonia.html"]}]}},"_links":{"self":[{"href":"https:\/\/hollyweedbarcelona.com\/de\/wp-json\/wp\/v2\/pages\/4384","targetHints":{"allow":["GET"]}}],"collection":[{"href":"https:\/\/hollyweedbarcelona.com\/de\/wp-json\/wp\/v2\/pages"}],"about":[{"href":"https:\/\/hollyweedbarcelona.com\/de\/wp-json\/wp\/v2\/types\/page"}],"author":[{"embeddable":true,"href":"https:\/\/hollyweedbarcelona.com\/de\/wp-json\/wp\/v2\/users\/5"}],"replies":[{"embeddable":true,"href":"https:\/\/hollyweedbarcelona.com\/de\/wp-json\/wp\/v2\/comments?post=4384"}],"version-history":[{"count":0,"href":"https:\/\/hollyweedbarcelona.com\/de\/wp-json\/wp\/v2\/pages\/4384\/revisions"}],"wp:attachment":[{"href":"https:\/\/hollyweedbarcelona.com\/de\/wp-json\/wp\/v2\/media?parent=4384"}],"curies":[{"name":"wp","href":"https:\/\/api.w.org\/{rel}","templated":true}]}}