{"id":4760,"date":"2023-08-21T12:30:52","date_gmt":"2023-08-21T10:30:52","guid":{"rendered":"https:\/\/hollyweedbarcelona.com\/?page_id=4760"},"modified":"2024-06-21T23:18:28","modified_gmt":"2024-06-21T21:18:28","slug":"wednesday-croissant-coffee","status":"publish","type":"page","link":"https:\/\/hollyweedbarcelona.com\/en\/wednesday-croissant-coffee\/","title":{"rendered":"WEDNESDAY: Croissant &amp; Coffee"},"content":{"rendered":"\t\t<div data-elementor-type=\"wp-page\" data-elementor-id=\"4760\" class=\"elementor elementor-4760\" data-elementor-post-type=\"page\">\n\t\t\t\t\t\t<section class=\"elementor-section elementor-top-section elementor-element elementor-element-257e710 elementor-section-boxed elementor-section-height-default elementor-section-height-default\" data-id=\"257e710\" data-element_type=\"section\" data-e-type=\"section\">\n\t\t\t\t\t\t<div class=\"elementor-container elementor-column-gap-default\">\n\t\t\t\t\t<div class=\"elementor-column elementor-col-100 elementor-top-column elementor-element elementor-element-56e101a\" data-id=\"56e101a\" data-element_type=\"column\" data-e-type=\"column\">\n\t\t\t<div class=\"elementor-widget-wrap elementor-element-populated\">\n\t\t\t\t\t\t<section class=\"elementor-section elementor-inner-section elementor-element elementor-element-6186276 elementor-section-boxed elementor-section-height-default elementor-section-height-default\" data-id=\"6186276\" data-element_type=\"section\" data-e-type=\"section\">\n\t\t\t\t\t\t<div class=\"elementor-container elementor-column-gap-default\">\n\t\t\t\t\t<div class=\"elementor-column elementor-col-50 elementor-inner-column elementor-element elementor-element-c795984\" data-id=\"c795984\" data-element_type=\"column\" data-e-type=\"column\">\n\t\t\t<div class=\"elementor-widget-wrap\">\n\t\t\t\t\t\t\t<\/div>\n\t\t<\/div>\n\t\t\t\t<div class=\"elementor-column elementor-col-50 elementor-inner-column elementor-element elementor-element-388bcd7\" data-id=\"388bcd7\" data-element_type=\"column\" data-e-type=\"column\">\n\t\t\t<div class=\"elementor-widget-wrap\">\n\t\t\t\t\t\t\t<\/div>\n\t\t<\/div>\n\t\t\t\t\t<\/div>\n\t\t<\/section>\n\t\t\t\t\t<\/div>\n\t\t<\/div>\n\t\t\t\t\t<\/div>\n\t\t<\/section>\n\t\t\t\t<section class=\"elementor-section elementor-top-section elementor-element elementor-element-4b90a1d5 elementor-section-height-min-height elementor-section-content-middle elementor-section-items-stretch elementor-section-boxed elementor-section-height-default\" data-id=\"4b90a1d5\" data-element_type=\"section\" data-e-type=\"section\" data-settings=\"{&quot;background_background&quot;:&quot;classic&quot;}\">\n\t\t\t\t\t\t<div class=\"elementor-container elementor-column-gap-default\">\n\t\t\t\t\t<div class=\"elementor-column elementor-col-50 elementor-top-column elementor-element elementor-element-50db914b\" data-id=\"50db914b\" data-element_type=\"column\" data-e-type=\"column\" data-settings=\"{&quot;background_background&quot;:&quot;gradient&quot;}\">\n\t\t\t<div class=\"elementor-widget-wrap elementor-element-populated\">\n\t\t\t\t\t<div class=\"elementor-background-overlay\"><\/div>\n\t\t\t\t\t\t<div class=\"elementor-element elementor-element-66cf5423 elementor-widget elementor-widget-heading\" data-id=\"66cf5423\" data-element_type=\"widget\" data-e-type=\"widget\" data-widget_type=\"heading.default\">\n\t\t\t\t<div class=\"elementor-widget-container\">\n\t\t\t\t\t<h1 class=\"elementor-heading-title elementor-size-default\">Mi\u00e9rcoles: Croissant&amp;Coffee<\/h1>\t\t\t\t<\/div>\n\t\t\t\t<\/div>\n\t\t\t\t<div class=\"elementor-element elementor-element-8e62bb7 elementor-icon-list--layout-inline elementor-list-item-link-full_width elementor-widget elementor-widget-icon-list\" data-id=\"8e62bb7\" data-element_type=\"widget\" data-e-type=\"widget\" data-widget_type=\"icon-list.default\">\n\t\t\t\t<div class=\"elementor-widget-container\">\n\t\t\t\t\t\t\t<ul class=\"elementor-icon-list-items elementor-inline-items\">\n\t\t\t\t\t\t\t<li class=\"elementor-icon-list-item elementor-inline-item\">\n\t\t\t\t\t\t\t\t\t\t\t<span class=\"elementor-icon-list-icon\">\n\t\t\t\t\t\t\t<i aria-hidden=\"true\" class=\"fas fa-joint\"><\/i>\t\t\t\t\t\t<\/span>\n\t\t\t\t\t\t\t\t\t\t<span class=\"elementor-icon-list-text\"><\/span>\n\t\t\t\t\t\t\t\t\t<\/li>\n\t\t\t\t\t\t\t\t<li class=\"elementor-icon-list-item elementor-inline-item\">\n\t\t\t\t\t\t\t\t\t\t\t<span class=\"elementor-icon-list-icon\">\n\t\t\t\t\t\t\t<i aria-hidden=\"true\" class=\"fas fa-bread-slice\"><\/i>\t\t\t\t\t\t<\/span>\n\t\t\t\t\t\t\t\t\t\t<span class=\"elementor-icon-list-text\"><\/span>\n\t\t\t\t\t\t\t\t\t<\/li>\n\t\t\t\t\t\t\t\t<li class=\"elementor-icon-list-item elementor-inline-item\">\n\t\t\t\t\t\t\t\t\t\t\t<span class=\"elementor-icon-list-icon\">\n\t\t\t\t\t\t\t<i aria-hidden=\"true\" class=\"fas fa-coffee\"><\/i>\t\t\t\t\t\t<\/span>\n\t\t\t\t\t\t\t\t\t\t<span class=\"elementor-icon-list-text\"><\/span>\n\t\t\t\t\t\t\t\t\t<\/li>\n\t\t\t\t\t\t<\/ul>\n\t\t\t\t\t\t<\/div>\n\t\t\t\t<\/div>\n\t\t\t\t<div class=\"elementor-element elementor-element-4108dac0 elementor-widget-divider--view-line elementor-widget elementor-widget-divider\" data-id=\"4108dac0\" data-element_type=\"widget\" data-e-type=\"widget\" data-widget_type=\"divider.default\">\n\t\t\t\t<div class=\"elementor-widget-container\">\n\t\t\t\t\t\t\t<div class=\"elementor-divider\">\n\t\t\t<span class=\"elementor-divider-separator\">\n\t\t\t\t\t\t<\/span>\n\t\t<\/div>\n\t\t\t\t\t\t<\/div>\n\t\t\t\t<\/div>\n\t\t\t\t<div class=\"elementor-element elementor-element-37f7312c elementor-widget elementor-widget-text-editor\" data-id=\"37f7312c\" data-element_type=\"widget\" data-e-type=\"widget\" data-widget_type=\"text-editor.default\">\n\t\t\t\t<div class=\"elementor-widget-container\">\n\t\t\t\t\t\t\t\t\t<p>Para celebrar y agradecer a nuestros clientes m\u00e1s leales, te invitamos a un exclusivo Desayuno Cann\u00e1bico Especial. Si has realizado m\u00e1s de 10 compras en nuestro club de cannabis, este evento es nuestra manera de retribuirte con una ma\u00f1ana deliciosa llena de croissants frescos, caf\u00e9 arom\u00e1tico y compa\u00f1\u00eda incre\u00edble.<\/p>\t\t\t\t\t\t\t\t<\/div>\n\t\t\t\t<\/div>\n\t\t\t\t<div class=\"elementor-element elementor-element-73958d41 elementor-widget elementor-widget-heading\" data-id=\"73958d41\" data-element_type=\"widget\" data-e-type=\"widget\" data-widget_type=\"heading.default\">\n\t\t\t\t<div class=\"elementor-widget-container\">\n\t\t\t\t\t<h4 class=\"elementor-heading-title elementor-size-default\">T\u00e9rminos sobre el evento<\/h4>\t\t\t\t<\/div>\n\t\t\t\t<\/div>\n\t\t\t\t<div class=\"elementor-element elementor-element-59c011a3 elementor-widget elementor-widget-text-editor\" data-id=\"59c011a3\" data-element_type=\"widget\" data-e-type=\"widget\" data-widget_type=\"text-editor.default\">\n\t\t\t\t<div class=\"elementor-widget-container\">\n\t\t\t\t\t\t\t\t\t<ul>\n <li>Fomentamos el consumo responsable y recordamos a todos los asistentes consumir cannabis con moderaci\u00f3n.<\/li>\n <li>Este evento est\u00e1 destinado \u00fanicamente a fines educativos y recreativos.<\/li>\n <li>Traiga una identificaci\u00f3n v\u00e1lida para verificar su edad e identidad.<\/li>\n<\/ul>\t\t\t\t\t\t\t\t<\/div>\n\t\t\t\t<\/div>\n\t\t\t\t\t<\/div>\n\t\t<\/div>\n\t\t\t\t<div class=\"elementor-column elementor-col-50 elementor-top-column elementor-element elementor-element-e5b8d9f\" data-id=\"e5b8d9f\" data-element_type=\"column\" data-e-type=\"column\" data-settings=\"{&quot;background_background&quot;:&quot;classic&quot;}\">\n\t\t\t<div class=\"elementor-widget-wrap elementor-element-populated\">\n\t\t\t\t\t\t<div class=\"elementor-element elementor-element-3a34a6a0 elementor-widget elementor-widget-spacer\" data-id=\"3a34a6a0\" data-element_type=\"widget\" data-e-type=\"widget\" data-widget_type=\"spacer.default\">\n\t\t\t\t<div class=\"elementor-widget-container\">\n\t\t\t\t\t\t\t<div class=\"elementor-spacer\">\n\t\t\t<div class=\"elementor-spacer-inner\"><\/div>\n\t\t<\/div>\n\t\t\t\t\t\t<\/div>\n\t\t\t\t<\/div>\n\t\t\t\t<div class=\"elementor-element elementor-element-2658850 elementor-widget__width-auto elementor-absolute elementor-widget elementor-widget-image\" data-id=\"2658850\" data-element_type=\"widget\" data-e-type=\"widget\" data-settings=\"{&quot;_position&quot;:&quot;absolute&quot;,&quot;motion_fx_motion_fx_scrolling&quot;:&quot;yes&quot;,&quot;motion_fx_translateY_effect&quot;:&quot;yes&quot;,&quot;motion_fx_translateY_affectedRange&quot;:{&quot;unit&quot;:&quot;%&quot;,&quot;size&quot;:&quot;&quot;,&quot;sizes&quot;:{&quot;start&quot;:&quot;53&quot;,&quot;end&quot;:&quot;83&quot;}},&quot;motion_fx_translateY_speed&quot;:{&quot;unit&quot;:&quot;px&quot;,&quot;size&quot;:4,&quot;sizes&quot;:[]},&quot;motion_fx_devices&quot;:[&quot;desktop&quot;,&quot;tablet&quot;,&quot;mobile&quot;]}\" data-widget_type=\"image.default\">\n\t\t\t\t<div class=\"elementor-widget-container\">\n\t\t\t\t\t\t\t\t\t\t\t\t\t\t\t<img fetchpriority=\"high\" decoding=\"async\" width=\"320\" height=\"696\" src=\"https:\/\/hollyweedbarcelona.com\/wp-content\/uploads\/HomePage-Hero-Shape.png\" class=\"attachment-full size-full wp-image-4725\" alt=\"\" srcset=\"https:\/\/hollyweedbarcelona.com\/wp-content\/uploads\/HomePage-Hero-Shape.png 320w, https:\/\/hollyweedbarcelona.com\/wp-content\/uploads\/HomePage-Hero-Shape-138x300.png 138w, https:\/\/hollyweedbarcelona.com\/wp-content\/uploads\/HomePage-Hero-Shape-6x12.png 6w\" sizes=\"(max-width: 320px) 100vw, 320px\" \/>\t\t\t\t\t\t\t\t\t\t\t\t\t\t\t<\/div>\n\t\t\t\t<\/div>\n\t\t\t\t\t<\/div>\n\t\t<\/div>\n\t\t\t\t\t<\/div>\n\t\t<\/section>\n\t\t\t\t<section class=\"elementor-section elementor-top-section elementor-element elementor-element-1b034400 elementor-section-height-min-height elementor-section-content-middle elementor-section-items-stretch elementor-section-boxed elementor-section-height-default\" data-id=\"1b034400\" data-element_type=\"section\" data-e-type=\"section\" data-settings=\"{&quot;background_background&quot;:&quot;classic&quot;}\">\n\t\t\t\t\t\t<div class=\"elementor-container elementor-column-gap-default\">\n\t\t\t\t\t<div class=\"elementor-column elementor-col-50 elementor-top-column elementor-element elementor-element-40dc542b\" data-id=\"40dc542b\" data-element_type=\"column\" data-e-type=\"column\" data-settings=\"{&quot;background_background&quot;:&quot;classic&quot;}\">\n\t\t\t<div class=\"elementor-widget-wrap elementor-element-populated\">\n\t\t\t\t\t\t<div class=\"elementor-element elementor-element-1e0f1eb8 elementor-widget elementor-widget-spacer\" data-id=\"1e0f1eb8\" data-element_type=\"widget\" data-e-type=\"widget\" data-widget_type=\"spacer.default\">\n\t\t\t\t<div class=\"elementor-widget-container\">\n\t\t\t\t\t\t\t<div class=\"elementor-spacer\">\n\t\t\t<div class=\"elementor-spacer-inner\"><\/div>\n\t\t<\/div>\n\t\t\t\t\t\t<\/div>\n\t\t\t\t<\/div>\n\t\t\t\t\t<\/div>\n\t\t<\/div>\n\t\t\t\t<div class=\"elementor-column elementor-col-50 elementor-top-column elementor-element elementor-element-26d1abc1\" data-id=\"26d1abc1\" data-element_type=\"column\" data-e-type=\"column\" data-settings=\"{&quot;background_background&quot;:&quot;classic&quot;}\">\n\t\t\t<div class=\"elementor-widget-wrap elementor-element-populated\">\n\t\t\t\t\t\t<div class=\"elementor-element elementor-element-19e90f2c elementor-widget elementor-widget-spacer\" data-id=\"19e90f2c\" data-element_type=\"widget\" data-e-type=\"widget\" data-widget_type=\"spacer.default\">\n\t\t\t\t<div class=\"elementor-widget-container\">\n\t\t\t\t\t\t\t<div class=\"elementor-spacer\">\n\t\t\t<div class=\"elementor-spacer-inner\"><\/div>\n\t\t<\/div>\n\t\t\t\t\t\t<\/div>\n\t\t\t\t<\/div>\n\t\t\t\t\t<\/div>\n\t\t<\/div>\n\t\t\t\t\t<\/div>\n\t\t<\/section>\n\t\t\t\t<\/div>\n\t\t","protected":false},"excerpt":{"rendered":"<p>Mi\u00e9rcoles: Croissant&#038;Coffee Para celebrar y agradecer a nuestros clientes m\u00e1s leales, te invitamos a un exclusivo Desayuno Cann\u00e1bico Especial. Si has realizado m\u00e1s de 10 compras en nuestro club de cannabis, este evento es nuestra manera de retribuirte con una ma\u00f1ana deliciosa llena de croissants frescos, caf\u00e9 arom\u00e1tico y compa\u00f1\u00eda incre\u00edble. T\u00e9rminos sobre el evento [&hellip;]<\/p>\n","protected":false},"author":5,"featured_media":0,"parent":0,"menu_order":0,"comment_status":"closed","ping_status":"closed","template":"","meta":{"_joinchat":[],"footnotes":""},"class_list":["post-4760","page","type-page","status-publish","hentry"],"yoast_head":"<!-- This site is optimized with the Yoast SEO plugin v27.4 - https:\/\/yoast.com\/product\/yoast-seo-wordpress\/ -->\n<title>MI\u00c9RCOLES: Croissant &amp; Coffee | Hollyweed BCN<\/title>\n<meta name=\"description\" content=\"Mi\u00e9rcoles: Croissant&amp;Coffee Para celebrar y agradecer a nuestros clientes m\u00e1s leales, te invitamos a un exclusivo Desayuno Cann\u00e1bico Especial. Si has\" \/>\n<meta name=\"robots\" content=\"index, follow, max-snippet:-1, max-image-preview:large, max-video-preview:-1\" \/>\n<link rel=\"canonical\" href=\"https:\/\/hollyweedbarcelona.com\/en\/wednesday-croissant-coffee\/\" \/>\n<meta name=\"twitter:label1\" content=\"Est. reading time\" \/>\n\t<meta name=\"twitter:data1\" content=\"1 minute\" \/>\n<script type=\"application\/ld+json\" class=\"yoast-schema-graph\">{\"@context\":\"https:\\\/\\\/schema.org\",\"@graph\":[{\"@type\":\"WebPage\",\"@id\":\"https:\\\/\\\/hollyweedbarcelona.com\\\/miercoles-croissant-coffee\\\/\",\"url\":\"https:\\\/\\\/hollyweedbarcelona.com\\\/miercoles-croissant-coffee\\\/\",\"name\":\"MI\u00c9RCOLES: Croissant & Coffee | Hollyweed BCN\",\"isPartOf\":{\"@id\":\"https:\\\/\\\/hollyweedbarcelona.com\\\/#website\"},\"primaryImageOfPage\":{\"@id\":\"https:\\\/\\\/hollyweedbarcelona.com\\\/miercoles-croissant-coffee\\\/#primaryimage\"},\"image\":{\"@id\":\"https:\\\/\\\/hollyweedbarcelona.com\\\/miercoles-croissant-coffee\\\/#primaryimage\"},\"thumbnailUrl\":\"https:\\\/\\\/hollyweedbarcelona.com\\\/wp-content\\\/uploads\\\/HomePage-Hero-Shape.png\",\"datePublished\":\"2023-08-21T10:30:52+00:00\",\"dateModified\":\"2024-06-21T21:18:28+00:00\",\"description\":\"Mi\u00e9rcoles: Croissant&Coffee Para celebrar y agradecer a nuestros clientes m\u00e1s leales, te invitamos a un exclusivo Desayuno Cann\u00e1bico Especial. Si has\",\"breadcrumb\":{\"@id\":\"https:\\\/\\\/hollyweedbarcelona.com\\\/miercoles-croissant-coffee\\\/#breadcrumb\"},\"inLanguage\":\"en-US\",\"potentialAction\":[{\"@type\":\"ReadAction\",\"target\":[\"https:\\\/\\\/hollyweedbarcelona.com\\\/miercoles-croissant-coffee\\\/\"]}]},{\"@type\":\"ImageObject\",\"inLanguage\":\"en-US\",\"@id\":\"https:\\\/\\\/hollyweedbarcelona.com\\\/miercoles-croissant-coffee\\\/#primaryimage\",\"url\":\"https:\\\/\\\/hollyweedbarcelona.com\\\/wp-content\\\/uploads\\\/HomePage-Hero-Shape.png\",\"contentUrl\":\"https:\\\/\\\/hollyweedbarcelona.com\\\/wp-content\\\/uploads\\\/HomePage-Hero-Shape.png\"},{\"@type\":\"BreadcrumbList\",\"@id\":\"https:\\\/\\\/hollyweedbarcelona.com\\\/miercoles-croissant-coffee\\\/#breadcrumb\",\"itemListElement\":[{\"@type\":\"ListItem\",\"position\":1,\"name\":\"Portada\",\"item\":\"https:\\\/\\\/hollyweedbarcelona.com\\\/\"},{\"@type\":\"ListItem\",\"position\":2,\"name\":\"MI\u00c9RCOLES: Croissant &#038; Coffee\"}]},{\"@type\":\"WebSite\",\"@id\":\"https:\\\/\\\/hollyweedbarcelona.com\\\/#website\",\"url\":\"https:\\\/\\\/hollyweedbarcelona.com\\\/\",\"name\":\"Hollyweed BCN\",\"description\":\"\",\"publisher\":{\"@id\":\"https:\\\/\\\/hollyweedbarcelona.com\\\/#organization\"},\"alternateName\":\"Hollyweed Barcelona\",\"potentialAction\":[{\"@type\":\"SearchAction\",\"target\":{\"@type\":\"EntryPoint\",\"urlTemplate\":\"https:\\\/\\\/hollyweedbarcelona.com\\\/?s={search_term_string}\"},\"query-input\":{\"@type\":\"PropertyValueSpecification\",\"valueRequired\":true,\"valueName\":\"search_term_string\"}}],\"inLanguage\":\"en-US\"},{\"@type\":\"Organization\",\"@id\":\"https:\\\/\\\/hollyweedbarcelona.com\\\/#organization\",\"name\":\"Hollyweed BCN\",\"alternateName\":\"Hollyweed Barcelona\",\"url\":\"https:\\\/\\\/hollyweedbarcelona.com\\\/\",\"logo\":{\"@type\":\"ImageObject\",\"inLanguage\":\"en-US\",\"@id\":\"https:\\\/\\\/hollyweedbarcelona.com\\\/#\\\/schema\\\/logo\\\/image\\\/\",\"url\":\"https:\\\/\\\/hollyweedbarcelona.com\\\/wp-content\\\/uploads\\\/2021\\\/08\\\/cropped-Foto-1-10-20-23-58-30-1.png\",\"contentUrl\":\"https:\\\/\\\/hollyweedbarcelona.com\\\/wp-content\\\/uploads\\\/2021\\\/08\\\/cropped-Foto-1-10-20-23-58-30-1.png\",\"width\":512,\"height\":512,\"caption\":\"Hollyweed BCN\"},\"image\":{\"@id\":\"https:\\\/\\\/hollyweedbarcelona.com\\\/#\\\/schema\\\/logo\\\/image\\\/\"},\"sameAs\":[\"https:\\\/\\\/www.instagram.com\\\/hollyweedclub\",\"https:\\\/\\\/www.tripadvisor.es\\\/Attraction_Review-g187497-d24091610-Reviews-Hollyweed_Bcn-Barcelona_Catalonia.html\"]}]}<\/script>\n<!-- \/ Yoast SEO plugin. -->","yoast_head_json":{"title":"WEDNESDAY: Croissant &amp; Coffee | Hollyweed BCN","description":"Wednesday: Croissant&amp;Coffee To celebrate and thank our most loyal customers, we invite you to an exclusive Special Cannabis Breakfast. If you have","robots":{"index":"index","follow":"follow","max-snippet":"max-snippet:-1","max-image-preview":"max-image-preview:large","max-video-preview":"max-video-preview:-1"},"canonical":"https:\/\/hollyweedbarcelona.com\/en\/wednesday-croissant-coffee\/","twitter_misc":{"Est. reading time":"1 minute"},"schema":{"@context":"https:\/\/schema.org","@graph":[{"@type":"WebPage","@id":"https:\/\/hollyweedbarcelona.com\/miercoles-croissant-coffee\/","url":"https:\/\/hollyweedbarcelona.com\/miercoles-croissant-coffee\/","name":"WEDNESDAY: Croissant &amp; Coffee | Hollyweed BCN","isPartOf":{"@id":"https:\/\/hollyweedbarcelona.com\/#website"},"primaryImageOfPage":{"@id":"https:\/\/hollyweedbarcelona.com\/miercoles-croissant-coffee\/#primaryimage"},"image":{"@id":"https:\/\/hollyweedbarcelona.com\/miercoles-croissant-coffee\/#primaryimage"},"thumbnailUrl":"https:\/\/hollyweedbarcelona.com\/wp-content\/uploads\/HomePage-Hero-Shape.png","datePublished":"2023-08-21T10:30:52+00:00","dateModified":"2024-06-21T21:18:28+00:00","description":"Wednesday: Croissant&amp;Coffee To celebrate and thank our most loyal customers, we invite you to an exclusive Special Cannabis Breakfast. If you have","breadcrumb":{"@id":"https:\/\/hollyweedbarcelona.com\/miercoles-croissant-coffee\/#breadcrumb"},"inLanguage":"en-US","potentialAction":[{"@type":"ReadAction","target":["https:\/\/hollyweedbarcelona.com\/miercoles-croissant-coffee\/"]}]},{"@type":"ImageObject","inLanguage":"en-US","@id":"https:\/\/hollyweedbarcelona.com\/miercoles-croissant-coffee\/#primaryimage","url":"https:\/\/hollyweedbarcelona.com\/wp-content\/uploads\/HomePage-Hero-Shape.png","contentUrl":"https:\/\/hollyweedbarcelona.com\/wp-content\/uploads\/HomePage-Hero-Shape.png"},{"@type":"BreadcrumbList","@id":"https:\/\/hollyweedbarcelona.com\/miercoles-croissant-coffee\/#breadcrumb","itemListElement":[{"@type":"ListItem","position":1,"name":"Portada","item":"https:\/\/hollyweedbarcelona.com\/"},{"@type":"ListItem","position":2,"name":"MI\u00c9RCOLES: Croissant &#038; Coffee"}]},{"@type":"WebSite","@id":"https:\/\/hollyweedbarcelona.com\/#website","url":"https:\/\/hollyweedbarcelona.com\/","name":"Hollyweed BCN","description":"","publisher":{"@id":"https:\/\/hollyweedbarcelona.com\/#organization"},"alternateName":"Hollyweed Barcelona","potentialAction":[{"@type":"SearchAction","target":{"@type":"EntryPoint","urlTemplate":"https:\/\/hollyweedbarcelona.com\/?s={search_term_string}"},"query-input":{"@type":"PropertyValueSpecification","valueRequired":true,"valueName":"search_term_string"}}],"inLanguage":"en-US"},{"@type":"Organization","@id":"https:\/\/hollyweedbarcelona.com\/#organization","name":"Hollyweed BCN","alternateName":"Hollyweed Barcelona","url":"https:\/\/hollyweedbarcelona.com\/","logo":{"@type":"ImageObject","inLanguage":"en-US","@id":"https:\/\/hollyweedbarcelona.com\/#\/schema\/logo\/image\/","url":"https:\/\/hollyweedbarcelona.com\/wp-content\/uploads\/2021\/08\/cropped-Foto-1-10-20-23-58-30-1.png","contentUrl":"https:\/\/hollyweedbarcelona.com\/wp-content\/uploads\/2021\/08\/cropped-Foto-1-10-20-23-58-30-1.png","width":512,"height":512,"caption":"Hollyweed BCN"},"image":{"@id":"https:\/\/hollyweedbarcelona.com\/#\/schema\/logo\/image\/"},"sameAs":["https:\/\/www.instagram.com\/hollyweedclub","https:\/\/www.tripadvisor.es\/Attraction_Review-g187497-d24091610-Reviews-Hollyweed_Bcn-Barcelona_Catalonia.html"]}]}},"_links":{"self":[{"href":"https:\/\/hollyweedbarcelona.com\/en\/wp-json\/wp\/v2\/pages\/4760","targetHints":{"allow":["GET"]}}],"collection":[{"href":"https:\/\/hollyweedbarcelona.com\/en\/wp-json\/wp\/v2\/pages"}],"about":[{"href":"https:\/\/hollyweedbarcelona.com\/en\/wp-json\/wp\/v2\/types\/page"}],"author":[{"embeddable":true,"href":"https:\/\/hollyweedbarcelona.com\/en\/wp-json\/wp\/v2\/users\/5"}],"replies":[{"embeddable":true,"href":"https:\/\/hollyweedbarcelona.com\/en\/wp-json\/wp\/v2\/comments?post=4760"}],"version-history":[{"count":0,"href":"https:\/\/hollyweedbarcelona.com\/en\/wp-json\/wp\/v2\/pages\/4760\/revisions"}],"wp:attachment":[{"href":"https:\/\/hollyweedbarcelona.com\/en\/wp-json\/wp\/v2\/media?parent=4760"}],"curies":[{"name":"wp","href":"https:\/\/api.w.org\/{rel}","templated":true}]}}