{"id":4384,"date":"2023-06-25T17:18:06","date_gmt":"2023-06-25T15:18:06","guid":{"rendered":"https:\/\/hollyweedbarcelona.com\/?page_id=4384"},"modified":"2026-04-12T20:12:24","modified_gmt":"2026-04-12T18:12:24","slug":"par-cette-foin-dodeur","status":"publish","type":"page","link":"https:\/\/hollyweedbarcelona.com\/fr\/par-cette-foin-dodeur\/","title":{"rendered":"Pourquoi la rose tr\u00e9mi\u00e8re ?"},"content":{"rendered":"<div data-elementor-type=\"wp-page\" data-elementor-id=\"4384\" class=\"elementor elementor-4384\" data-elementor-post-type=\"page\">\n\t\t\t\t\t\t<section class=\"elementor-section elementor-top-section elementor-element elementor-element-10457b9 elementor-section-boxed elementor-section-height-default elementor-section-height-default\" data-id=\"10457b9\" data-element_type=\"section\" data-e-type=\"section\">\n\t\t\t\t\t\t<div class=\"elementor-container elementor-column-gap-default\">\n\t\t\t\t\t<div class=\"elementor-column elementor-col-100 elementor-top-column elementor-element elementor-element-f3fee4f\" data-id=\"f3fee4f\" data-element_type=\"column\" data-e-type=\"column\">\n\t\t\t<div class=\"elementor-widget-wrap elementor-element-populated\">\n\t\t\t\t\t\t<div class=\"elementor-element elementor-element-3a572b9 elementor-widget elementor-widget-heading\" data-id=\"3a572b9\" data-element_type=\"widget\" data-e-type=\"widget\" data-widget_type=\"heading.default\">\n\t\t\t\t<div class=\"elementor-widget-container\">\n\t\t\t\t\t<h1 class=\"elementor-heading-title elementor-size-default\">QU'EST-CE QUE LA RENOU\u00c9E LISERON ?<\/h1>\t\t\t\t<\/div>\n\t\t\t\t<\/div>\n\t\t\t\t<div class=\"elementor-element elementor-element-c626318 elementor-widget elementor-widget-text-editor\" data-id=\"c626318\" data-element_type=\"widget\" data-e-type=\"widget\" data-widget_type=\"text-editor.default\">\n\t\t\t\t<div class=\"elementor-widget-container\">\n\t\t\t\t\t\t\t\t\t<p>Hollyweed est n\u00e9 en 2020 avec l'id\u00e9e de rompre avec les associations traditionnelles de cannabis jusqu'alors. Un club o\u00f9 les membres et les collaborateurs sont responsables de la croissance et du maintien d'une communaut\u00e9, avec laquelle partager et plonger dans la culture du cannabis de Barcelone.<\/p>\t\t\t\t\t\t\t\t<\/div>\n\t\t\t\t<\/div>\n\t\t\t\t\t<\/div>\n\t\t<\/div>\n\t\t\t\t\t<\/div>\n\t\t<\/section>\n\t\t\t\t<section class=\"elementor-section elementor-top-section elementor-element elementor-element-7a3a1f8 elementor-section-boxed elementor-section-height-default elementor-section-height-default\" data-id=\"7a3a1f8\" data-element_type=\"section\" data-e-type=\"section\">\n\t\t\t\t\t\t<div class=\"elementor-container elementor-column-gap-default\">\n\t\t\t\t\t<div class=\"elementor-column elementor-col-50 elementor-top-column elementor-element elementor-element-aac2f4b\" data-id=\"aac2f4b\" data-element_type=\"column\" data-e-type=\"column\">\n\t\t\t<div class=\"elementor-widget-wrap elementor-element-populated\">\n\t\t\t\t\t\t<div class=\"elementor-element elementor-element-3332895 elementor-widget elementor-widget-image\" data-id=\"3332895\" data-element_type=\"widget\" data-e-type=\"widget\" data-widget_type=\"image.default\">\n\t\t\t\t<div class=\"elementor-widget-container\">\n\t\t\t\t\t\t\t\t\t\t\t\t\t\t\t<img fetchpriority=\"high\" decoding=\"async\" width=\"683\" height=\"1024\" src=\"https:\/\/hollyweedbarcelona.com\/wp-content\/uploads\/hollyweed-683x1024.jpg\" class=\"attachment-large size-large wp-image-7788\" alt=\"cannabic club barcelone\" srcset=\"https:\/\/hollyweedbarcelona.com\/wp-content\/uploads\/hollyweed-683x1024.jpg 683w, https:\/\/hollyweedbarcelona.com\/wp-content\/uploads\/hollyweed-200x300.jpg 200w, https:\/\/hollyweedbarcelona.com\/wp-content\/uploads\/hollyweed-768x1152.jpg 768w, https:\/\/hollyweedbarcelona.com\/wp-content\/uploads\/hollyweed-1024x1536.jpg 1024w, https:\/\/hollyweedbarcelona.com\/wp-content\/uploads\/hollyweed-1366x2048.jpg 1366w, https:\/\/hollyweedbarcelona.com\/wp-content\/uploads\/hollyweed-8x12.jpg 8w, https:\/\/hollyweedbarcelona.com\/wp-content\/uploads\/hollyweed.jpg 1707w\" sizes=\"(max-width: 683px) 100vw, 683px\" \/>\t\t\t\t\t\t\t\t\t\t\t\t\t\t\t<\/div>\n\t\t\t\t<\/div>\n\t\t\t\t\t<\/div>\n\t\t<\/div>\n\t\t\t\t<div class=\"elementor-column elementor-col-50 elementor-top-column elementor-element elementor-element-d9905f9\" data-id=\"d9905f9\" data-element_type=\"column\" data-e-type=\"column\">\n\t\t\t<div class=\"elementor-widget-wrap elementor-element-populated\">\n\t\t\t\t\t\t<div class=\"elementor-element elementor-element-e1759ee elementor-widget elementor-widget-text-editor\" data-id=\"e1759ee\" data-element_type=\"widget\" data-e-type=\"widget\" data-widget_type=\"text-editor.default\">\n\t\t\t\t<div class=\"elementor-widget-container\">\n\t\t\t\t\t\t\t\t\t<p data-path-to-node=\"0\">\u00c0 Barcelone, <b data-path-to-node=\"0\" data-index-in-node=\"14\">Renou\u00e9e liseron<\/b> n'est pas seulement une r\u00e9f\u00e9rence au cartel de Los Angeles, mais aussi le nom de l'une des plus importantes organisations de d\u00e9fense des droits de l'homme de l'Union europ\u00e9enne. <b data-path-to-node=\"0\" data-index-in-node=\"105\">Clubs sociaux du cannabis (CSC)<\/b> les plus connus de la ville.<\/p><p data-path-to-node=\"1\">Contrairement au concept de \u00abcoffee shop\u00bb d'Amsterdam, ces lieux fonctionnent selon un mod\u00e8le associatif propre \u00e0 l'Espagne. Voici de quoi il s'agit et comment cela fonctionne :<\/p><h3 data-path-to-node=\"2\">Qu'est-ce que la rose tr\u00e9mi\u00e8re de Barcelone ?<\/h3><p data-path-to-node=\"3\">Il s'agit d'un <b data-path-to-node=\"3\" data-index-in-node=\"7\">association du cannabis<\/b> situ\u00e9 dans le quartier de Nou Barris (plus pr\u00e9cis\u00e9ment sur la Carrer d'Esc\u00f2cia). Il se d\u00e9crit comme un espace au style \u00abrock mais \u00e9l\u00e9gant\u00bb, con\u00e7u non seulement pour la consommation, mais aussi comme un centre social et culturel.<\/p><h3 data-path-to-node=\"4\">Caract\u00e9ristiques du site<\/h3><ul data-path-to-node=\"5\"><li><p data-path-to-node=\"5,0,0\"><b data-path-to-node=\"5,0,0\" data-index-in-node=\"0\">L'environnement :<\/b> Il s'agit d'un lieu spacieux avec des canap\u00e9s, des tables de travail, de la musique live, des tables de billard et des \u00e9crans pour regarder du sport ou des films.<\/p><\/li><li><p data-path-to-node=\"5,1,0\"><b data-path-to-node=\"5,1,0\" data-index-in-node=\"0\">Activit\u00e9s :<\/b> Ils organisent des \u00e9v\u00e9nements communautaires tels que des d\u00e9gustations exclusives, des concerts, des ateliers de cuisine au cannabis et des s\u00e9ances de cin\u00e9ma.<\/p><\/li><li><p data-path-to-node=\"5,2,0\"><b data-path-to-node=\"5,2,0\" data-index-in-node=\"0\">Qualit\u00e9 :<\/b> Ils se concentrent sur l'offre de produits s\u00e9lectionn\u00e9s et sur les conseils d'un personnel form\u00e9 pour fournir des indications sur les diff\u00e9rentes souches.<\/p><\/li><\/ul>\t\t\t\t\t\t\t\t<\/div>\n\t\t\t\t<\/div>\n\t\t\t\t\t<\/div>\n\t\t<\/div>\n\t\t\t\t\t<\/div>\n\t\t<\/section>\n\t\t\t\t<section class=\"elementor-section elementor-top-section elementor-element elementor-element-20ee64b elementor-section-boxed elementor-section-height-default elementor-section-height-default\" data-id=\"20ee64b\" data-element_type=\"section\" data-e-type=\"section\">\n\t\t\t\t\t\t<div class=\"elementor-container elementor-column-gap-default\">\n\t\t\t\t\t<div class=\"elementor-column elementor-col-100 elementor-top-column elementor-element elementor-element-0d88bd1\" data-id=\"0d88bd1\" data-element_type=\"column\" data-e-type=\"column\">\n\t\t\t<div class=\"elementor-widget-wrap elementor-element-populated\">\n\t\t\t\t\t\t<div class=\"elementor-element elementor-element-ac1d49a elementor-widget elementor-widget-text-editor\" data-id=\"ac1d49a\" data-element_type=\"widget\" data-e-type=\"widget\" data-widget_type=\"text-editor.default\">\n\t\t\t\t<div class=\"elementor-widget-container\">\n\t\t\t\t\t\t\t\t\t<h3 data-path-to-node=\"6\"><span style=\"color: #000000;\">R\u00e8gles d'acc\u00e8s (Important)<\/span><\/h3><p data-path-to-node=\"7\"><span style=\"color: #000000;\">Pour entrer \u00e0 Hollyweed (ou dans n'importe quel club de Barcelone), vous devez vous conformer aux dispositions l\u00e9gales en vigueur en Catalogne :<\/span><\/p><ol start=\"1\" data-path-to-node=\"8\"><li><p data-path-to-node=\"8,0,0\"><span style=\"color: #000000;\"><b data-path-to-node=\"8,0,0\" data-index-in-node=\"0\">Devenir membre :<\/b> Il n'est pas possible d'entrer et d'acheter comme \u00e7a. Il faut s'inscrire comme membre de l'association.<\/span><\/p><\/li><li><p data-path-to-node=\"8,1,0\"><span style=\"color: #000000;\"><b data-path-to-node=\"8,1,0\" data-index-in-node=\"0\">\u00c2ge de la majorit\u00e9 :<\/b> L'\u00e2ge minimum est g\u00e9n\u00e9ralement de <b data-path-to-node=\"8,1,0\" data-index-in-node=\"42\">21 ans<\/b> (bien que la loi fixe la limite \u00e0 18 ans, de nombreux clubs prestigieux la maintiennent \u00e0 21 ans).<\/span><\/p><\/li><li><p data-path-to-node=\"8,2,0\"><span style=\"color: #000000;\"><b data-path-to-node=\"8,2,0\" data-index-in-node=\"0\">Invitation\/inscription :<\/b> Ils exigent g\u00e9n\u00e9ralement qu'un partenaire actuel vous soutienne ou qu'il proc\u00e8de \u00e0 un enregistrement pr\u00e9alable sur leur site web avant que vous puissiez vous pr\u00e9senter physiquement.<\/span><\/p><\/li><li><p data-path-to-node=\"8,3,0\"><span style=\"color: #000000;\"><b data-path-to-node=\"8,3,0\" data-index-in-node=\"0\">Identification :<\/b> Il est obligatoire de pr\u00e9senter une pi\u00e8ce d'identit\u00e9 officielle (DNI, NIE ou passeport).<\/span><\/p><\/li><\/ol><p data-path-to-node=\"10,0\">\u00a0<\/p><blockquote><p data-path-to-node=\"10,0\"><span style=\"color: #000000;\"><b data-path-to-node=\"10,0\" data-index-in-node=\"0\">Note juridique :<\/b> En Espagne, la consommation de cannabis n'est autoris\u00e9e que dans les espaces priv\u00e9s (domicile ou clubs). La consommation ou le transport de cannabis sur la voie publique peut donner lieu \u00e0 des amendes administratives.<\/span><\/p><\/blockquote>\t\t\t\t\t\t\t\t<\/div>\n\t\t\t\t<\/div>\n\t\t\t\t<div class=\"elementor-element elementor-element-43502629 elementor-align-center elementor-widget elementor-widget-button\" data-id=\"43502629\" data-element_type=\"widget\" data-e-type=\"widget\" data-widget_type=\"button.default\">\n\t\t\t\t<div class=\"elementor-widget-container\">\n\t\t\t\t\t\t\t\t\t<div class=\"elementor-button-wrapper\">\n\t\t\t\t\t<a class=\"elementor-button elementor-button-link elementor-size-sm\" href=\"https:\/\/hollyweedbarcelona.com\/fr\/associations-cannabiques\/\">\n\t\t\t\t\t\t<span class=\"elementor-button-content-wrapper\">\n\t\t\t\t\t\t<span class=\"elementor-button-icon\">\n\t\t\t\t<i aria-hidden=\"true\" class=\"fas fa-arrow-right\"><\/i>\t\t\t<\/span>\n\t\t\t\t\t\t\t\t\t<span class=\"elementor-button-text\">L\u00e9galit\u00e9 de la marijuana \u00e0 Barcelone<\/span>\n\t\t\t\t\t<\/span>\n\t\t\t\t\t<\/a>\n\t\t\t\t<\/div>\n\t\t\t\t\t\t\t\t<\/div>\n\t\t\t\t<\/div>\n\t\t\t\t\t<\/div>\n\t\t<\/div>\n\t\t\t\t\t<\/div>\n\t\t<\/section>\n\t\t\t\t<\/div>","protected":false},"excerpt":{"rendered":"<p>\u00bfQUE ES HOLLYWEED? Hollyweed nace en el 2020 con la idea de romper con lo tradicional que ofrec\u00edan las asociaciones cann\u00e1bicas hasta ese momento. Un club donde socios y colaboradores son los responsables de hacer crecer y mantener una comunidad, con la cual compartir y adentrarse en la cultura cann\u00e1bica de Barcelona. En Barcelona, Hollyweed [&hellip;]<\/p>\n","protected":false},"author":5,"featured_media":0,"parent":0,"menu_order":0,"comment_status":"closed","ping_status":"closed","template":"","meta":{"_joinchat":[],"footnotes":""},"class_list":["post-4384","page","type-page","status-publish","hentry"],"yoast_head":"<!-- This site is optimized with the Yoast SEO plugin v27.4 - https:\/\/yoast.com\/product\/yoast-seo-wordpress\/ -->\n<title>\u00bfPor qu\u00e9 Hollyweed? | Hollyweed BCN<\/title>\n<meta name=\"description\" content=\"\u00bfQUE ES HOLLYWEED? Hollyweed nace en el 2020 con la idea de romper con lo tradicional que ofrec\u00edan las asociaciones cann\u00e1bicas hasta ese momento. Un club\" \/>\n<meta name=\"robots\" content=\"index, follow, max-snippet:-1, max-image-preview:large, max-video-preview:-1\" \/>\n<link rel=\"canonical\" href=\"https:\/\/hollyweedbarcelona.com\/fr\/par-cette-foin-dodeur\/\" \/>\n<meta name=\"twitter:label1\" content=\"Dur\u00e9e de lecture estim\u00e9e\" \/>\n\t<meta name=\"twitter:data1\" content=\"2 minutes\" \/>\n<script type=\"application\/ld+json\" class=\"yoast-schema-graph\">{\"@context\":\"https:\\\/\\\/schema.org\",\"@graph\":[{\"@type\":\"WebPage\",\"@id\":\"https:\\\/\\\/hollyweedbarcelona.com\\\/por-que-hollyweed\\\/\",\"url\":\"https:\\\/\\\/hollyweedbarcelona.com\\\/por-que-hollyweed\\\/\",\"name\":\"\u00bfPor qu\u00e9 Hollyweed? | Hollyweed BCN\",\"isPartOf\":{\"@id\":\"https:\\\/\\\/hollyweedbarcelona.com\\\/#website\"},\"primaryImageOfPage\":{\"@id\":\"https:\\\/\\\/hollyweedbarcelona.com\\\/por-que-hollyweed\\\/#primaryimage\"},\"image\":{\"@id\":\"https:\\\/\\\/hollyweedbarcelona.com\\\/por-que-hollyweed\\\/#primaryimage\"},\"thumbnailUrl\":\"https:\\\/\\\/hollyweedbarcelona.com\\\/wp-content\\\/uploads\\\/hollyweed-683x1024.jpg\",\"datePublished\":\"2023-06-25T15:18:06+00:00\",\"dateModified\":\"2026-04-12T18:12:24+00:00\",\"description\":\"\u00bfQUE ES HOLLYWEED? Hollyweed nace en el 2020 con la idea de romper con lo tradicional que ofrec\u00edan las asociaciones cann\u00e1bicas hasta ese momento. Un club\",\"breadcrumb\":{\"@id\":\"https:\\\/\\\/hollyweedbarcelona.com\\\/por-que-hollyweed\\\/#breadcrumb\"},\"inLanguage\":\"fr-FR\",\"potentialAction\":[{\"@type\":\"ReadAction\",\"target\":[\"https:\\\/\\\/hollyweedbarcelona.com\\\/por-que-hollyweed\\\/\"]}]},{\"@type\":\"ImageObject\",\"inLanguage\":\"fr-FR\",\"@id\":\"https:\\\/\\\/hollyweedbarcelona.com\\\/por-que-hollyweed\\\/#primaryimage\",\"url\":\"https:\\\/\\\/hollyweedbarcelona.com\\\/wp-content\\\/uploads\\\/hollyweed-683x1024.jpg\",\"contentUrl\":\"https:\\\/\\\/hollyweedbarcelona.com\\\/wp-content\\\/uploads\\\/hollyweed-683x1024.jpg\"},{\"@type\":\"BreadcrumbList\",\"@id\":\"https:\\\/\\\/hollyweedbarcelona.com\\\/por-que-hollyweed\\\/#breadcrumb\",\"itemListElement\":[{\"@type\":\"ListItem\",\"position\":1,\"name\":\"Portada\",\"item\":\"https:\\\/\\\/hollyweedbarcelona.com\\\/\"},{\"@type\":\"ListItem\",\"position\":2,\"name\":\"\u00bfPor qu\u00e9 Hollyweed?\"}]},{\"@type\":\"WebSite\",\"@id\":\"https:\\\/\\\/hollyweedbarcelona.com\\\/#website\",\"url\":\"https:\\\/\\\/hollyweedbarcelona.com\\\/\",\"name\":\"Hollyweed BCN\",\"description\":\"\",\"publisher\":{\"@id\":\"https:\\\/\\\/hollyweedbarcelona.com\\\/#organization\"},\"alternateName\":\"Hollyweed Barcelona\",\"potentialAction\":[{\"@type\":\"SearchAction\",\"target\":{\"@type\":\"EntryPoint\",\"urlTemplate\":\"https:\\\/\\\/hollyweedbarcelona.com\\\/?s={search_term_string}\"},\"query-input\":{\"@type\":\"PropertyValueSpecification\",\"valueRequired\":true,\"valueName\":\"search_term_string\"}}],\"inLanguage\":\"fr-FR\"},{\"@type\":\"Organization\",\"@id\":\"https:\\\/\\\/hollyweedbarcelona.com\\\/#organization\",\"name\":\"Hollyweed BCN\",\"alternateName\":\"Hollyweed Barcelona\",\"url\":\"https:\\\/\\\/hollyweedbarcelona.com\\\/\",\"logo\":{\"@type\":\"ImageObject\",\"inLanguage\":\"fr-FR\",\"@id\":\"https:\\\/\\\/hollyweedbarcelona.com\\\/#\\\/schema\\\/logo\\\/image\\\/\",\"url\":\"https:\\\/\\\/hollyweedbarcelona.com\\\/wp-content\\\/uploads\\\/2021\\\/08\\\/cropped-Foto-1-10-20-23-58-30-1.png\",\"contentUrl\":\"https:\\\/\\\/hollyweedbarcelona.com\\\/wp-content\\\/uploads\\\/2021\\\/08\\\/cropped-Foto-1-10-20-23-58-30-1.png\",\"width\":512,\"height\":512,\"caption\":\"Hollyweed BCN\"},\"image\":{\"@id\":\"https:\\\/\\\/hollyweedbarcelona.com\\\/#\\\/schema\\\/logo\\\/image\\\/\"},\"sameAs\":[\"https:\\\/\\\/www.instagram.com\\\/hollyweedclub\",\"https:\\\/\\\/www.tripadvisor.es\\\/Attraction_Review-g187497-d24091610-Reviews-Hollyweed_Bcn-Barcelona_Catalonia.html\"]}]}<\/script>\n<!-- \/ Yoast SEO plugin. -->","yoast_head_json":{"title":"Pourquoi Hollyweed - Hollyweed BCN ?","description":"QU'EST-CE QUE HOLLYWEED ? Hollyweed est n\u00e9 en 2020 avec l'id\u00e9e de rompre avec les associations traditionnelles du cannabis jusqu'alors. Un club","robots":{"index":"index","follow":"follow","max-snippet":"max-snippet:-1","max-image-preview":"max-image-preview:large","max-video-preview":"max-video-preview:-1"},"canonical":"https:\/\/hollyweedbarcelona.com\/fr\/par-cette-foin-dodeur\/","twitter_misc":{"Dur\u00e9e de lecture estim\u00e9e":"2 minutes"},"schema":{"@context":"https:\/\/schema.org","@graph":[{"@type":"WebPage","@id":"https:\/\/hollyweedbarcelona.com\/por-que-hollyweed\/","url":"https:\/\/hollyweedbarcelona.com\/por-que-hollyweed\/","name":"Pourquoi Hollyweed - Hollyweed BCN ?","isPartOf":{"@id":"https:\/\/hollyweedbarcelona.com\/#website"},"primaryImageOfPage":{"@id":"https:\/\/hollyweedbarcelona.com\/por-que-hollyweed\/#primaryimage"},"image":{"@id":"https:\/\/hollyweedbarcelona.com\/por-que-hollyweed\/#primaryimage"},"thumbnailUrl":"https:\/\/hollyweedbarcelona.com\/wp-content\/uploads\/hollyweed-683x1024.jpg","datePublished":"2023-06-25T15:18:06+00:00","dateModified":"2026-04-12T18:12:24+00:00","description":"QU'EST-CE QUE HOLLYWEED ? Hollyweed est n\u00e9 en 2020 avec l'id\u00e9e de rompre avec les associations traditionnelles du cannabis jusqu'alors. Un club","breadcrumb":{"@id":"https:\/\/hollyweedbarcelona.com\/por-que-hollyweed\/#breadcrumb"},"inLanguage":"fr-FR","potentialAction":[{"@type":"ReadAction","target":["https:\/\/hollyweedbarcelona.com\/por-que-hollyweed\/"]}]},{"@type":"ImageObject","inLanguage":"fr-FR","@id":"https:\/\/hollyweedbarcelona.com\/por-que-hollyweed\/#primaryimage","url":"https:\/\/hollyweedbarcelona.com\/wp-content\/uploads\/hollyweed-683x1024.jpg","contentUrl":"https:\/\/hollyweedbarcelona.com\/wp-content\/uploads\/hollyweed-683x1024.jpg"},{"@type":"BreadcrumbList","@id":"https:\/\/hollyweedbarcelona.com\/por-que-hollyweed\/#breadcrumb","itemListElement":[{"@type":"ListItem","position":1,"name":"Portada","item":"https:\/\/hollyweedbarcelona.com\/"},{"@type":"ListItem","position":2,"name":"\u00bfPor qu\u00e9 Hollyweed?"}]},{"@type":"WebSite","@id":"https:\/\/hollyweedbarcelona.com\/#website","url":"https:\/\/hollyweedbarcelona.com\/","name":"Renoncule BCN","description":"","publisher":{"@id":"https:\/\/hollyweedbarcelona.com\/#organization"},"alternateName":"Hollyweed Barcelona","potentialAction":[{"@type":"SearchAction","target":{"@type":"EntryPoint","urlTemplate":"https:\/\/hollyweedbarcelona.com\/?s={search_term_string}"},"query-input":{"@type":"PropertyValueSpecification","valueRequired":true,"valueName":"search_term_string"}}],"inLanguage":"fr-FR"},{"@type":"Organization","@id":"https:\/\/hollyweedbarcelona.com\/#organization","name":"Renoncule BCN","alternateName":"Hollyweed Barcelona","url":"https:\/\/hollyweedbarcelona.com\/","logo":{"@type":"ImageObject","inLanguage":"fr-FR","@id":"https:\/\/hollyweedbarcelona.com\/#\/schema\/logo\/image\/","url":"https:\/\/hollyweedbarcelona.com\/wp-content\/uploads\/2021\/08\/cropped-Foto-1-10-20-23-58-30-1.png","contentUrl":"https:\/\/hollyweedbarcelona.com\/wp-content\/uploads\/2021\/08\/cropped-Foto-1-10-20-23-58-30-1.png","width":512,"height":512,"caption":"Hollyweed BCN"},"image":{"@id":"https:\/\/hollyweedbarcelona.com\/#\/schema\/logo\/image\/"},"sameAs":["https:\/\/www.instagram.com\/hollyweedclub","https:\/\/www.tripadvisor.es\/Attraction_Review-g187497-d24091610-Reviews-Hollyweed_Bcn-Barcelona_Catalonia.html"]}]}},"_links":{"self":[{"href":"https:\/\/hollyweedbarcelona.com\/fr\/wp-json\/wp\/v2\/pages\/4384","targetHints":{"allow":["GET"]}}],"collection":[{"href":"https:\/\/hollyweedbarcelona.com\/fr\/wp-json\/wp\/v2\/pages"}],"about":[{"href":"https:\/\/hollyweedbarcelona.com\/fr\/wp-json\/wp\/v2\/types\/page"}],"author":[{"embeddable":true,"href":"https:\/\/hollyweedbarcelona.com\/fr\/wp-json\/wp\/v2\/users\/5"}],"replies":[{"embeddable":true,"href":"https:\/\/hollyweedbarcelona.com\/fr\/wp-json\/wp\/v2\/comments?post=4384"}],"version-history":[{"count":0,"href":"https:\/\/hollyweedbarcelona.com\/fr\/wp-json\/wp\/v2\/pages\/4384\/revisions"}],"wp:attachment":[{"href":"https:\/\/hollyweedbarcelona.com\/fr\/wp-json\/wp\/v2\/media?parent=4384"}],"curies":[{"name":"wp","href":"https:\/\/api.w.org\/{rel}","templated":true}]}}