{"id":4384,"date":"2023-06-25T17:18:06","date_gmt":"2023-06-25T15:18:06","guid":{"rendered":"https:\/\/hollyweedbarcelona.com\/?page_id=4384"},"modified":"2026-04-12T20:12:24","modified_gmt":"2026-04-12T18:12:24","slug":"why-hollyweed","status":"publish","type":"page","link":"https:\/\/hollyweedbarcelona.com\/it\/why-hollyweed\/","title":{"rendered":"Perch\u00e9 l'agrifoglio?"},"content":{"rendered":"<div data-elementor-type=\"wp-page\" data-elementor-id=\"4384\" class=\"elementor elementor-4384\" data-elementor-post-type=\"page\">\n\t\t\t\t\t\t<section class=\"elementor-section elementor-top-section elementor-element elementor-element-10457b9 elementor-section-boxed elementor-section-height-default elementor-section-height-default\" data-id=\"10457b9\" data-element_type=\"section\" data-e-type=\"section\">\n\t\t\t\t\t\t<div class=\"elementor-container elementor-column-gap-default\">\n\t\t\t\t\t<div class=\"elementor-column elementor-col-100 elementor-top-column elementor-element elementor-element-f3fee4f\" data-id=\"f3fee4f\" data-element_type=\"column\" data-e-type=\"column\">\n\t\t\t<div class=\"elementor-widget-wrap elementor-element-populated\">\n\t\t\t\t\t\t<div class=\"elementor-element elementor-element-3a572b9 elementor-widget elementor-widget-heading\" data-id=\"3a572b9\" data-element_type=\"widget\" data-e-type=\"widget\" data-widget_type=\"heading.default\">\n\t\t\t\t<div class=\"elementor-widget-container\">\n\t\t\t\t\t<h1 class=\"elementor-heading-title elementor-size-default\">CHE COS'\u00c8 L'AGRIFOGLIO?<\/h1>\t\t\t\t<\/div>\n\t\t\t\t<\/div>\n\t\t\t\t<div class=\"elementor-element elementor-element-c626318 elementor-widget elementor-widget-text-editor\" data-id=\"c626318\" data-element_type=\"widget\" data-e-type=\"widget\" data-widget_type=\"text-editor.default\">\n\t\t\t\t<div class=\"elementor-widget-container\">\n\t\t\t\t\t\t\t\t\t<p>Hollyweed \u00e8 nato nel 2020 con l'idea di rompere con le associazioni di cannabis tradizionali fino a quel momento. Un club in cui i membri e i collaboratori sono responsabili della crescita e del mantenimento di una comunit\u00e0, con cui condividere e approfondire la cultura della cannabis di Barcellona.<\/p>\t\t\t\t\t\t\t\t<\/div>\n\t\t\t\t<\/div>\n\t\t\t\t\t<\/div>\n\t\t<\/div>\n\t\t\t\t\t<\/div>\n\t\t<\/section>\n\t\t\t\t<section class=\"elementor-section elementor-top-section elementor-element elementor-element-7a3a1f8 elementor-section-boxed elementor-section-height-default elementor-section-height-default\" data-id=\"7a3a1f8\" data-element_type=\"section\" data-e-type=\"section\">\n\t\t\t\t\t\t<div class=\"elementor-container elementor-column-gap-default\">\n\t\t\t\t\t<div class=\"elementor-column elementor-col-50 elementor-top-column elementor-element elementor-element-aac2f4b\" data-id=\"aac2f4b\" data-element_type=\"column\" data-e-type=\"column\">\n\t\t\t<div class=\"elementor-widget-wrap elementor-element-populated\">\n\t\t\t\t\t\t<div class=\"elementor-element elementor-element-3332895 elementor-widget elementor-widget-image\" data-id=\"3332895\" data-element_type=\"widget\" data-e-type=\"widget\" data-widget_type=\"image.default\">\n\t\t\t\t<div class=\"elementor-widget-container\">\n\t\t\t\t\t\t\t\t\t\t\t\t\t\t\t<img fetchpriority=\"high\" decoding=\"async\" width=\"683\" height=\"1024\" src=\"https:\/\/hollyweedbarcelona.com\/wp-content\/uploads\/hollyweed-683x1024.jpg\" class=\"attachment-large size-large wp-image-7788\" alt=\"cannabic club\" srcset=\"https:\/\/hollyweedbarcelona.com\/wp-content\/uploads\/hollyweed-683x1024.jpg 683w, https:\/\/hollyweedbarcelona.com\/wp-content\/uploads\/hollyweed-200x300.jpg 200w, https:\/\/hollyweedbarcelona.com\/wp-content\/uploads\/hollyweed-768x1152.jpg 768w, https:\/\/hollyweedbarcelona.com\/wp-content\/uploads\/hollyweed-1024x1536.jpg 1024w, https:\/\/hollyweedbarcelona.com\/wp-content\/uploads\/hollyweed-1366x2048.jpg 1366w, https:\/\/hollyweedbarcelona.com\/wp-content\/uploads\/hollyweed-8x12.jpg 8w, https:\/\/hollyweedbarcelona.com\/wp-content\/uploads\/hollyweed.jpg 1707w\" sizes=\"(max-width: 683px) 100vw, 683px\" \/>\t\t\t\t\t\t\t\t\t\t\t\t\t\t\t<\/div>\n\t\t\t\t<\/div>\n\t\t\t\t\t<\/div>\n\t\t<\/div>\n\t\t\t\t<div class=\"elementor-column elementor-col-50 elementor-top-column elementor-element elementor-element-d9905f9\" data-id=\"d9905f9\" data-element_type=\"column\" data-e-type=\"column\">\n\t\t\t<div class=\"elementor-widget-wrap elementor-element-populated\">\n\t\t\t\t\t\t<div class=\"elementor-element elementor-element-e1759ee elementor-widget elementor-widget-text-editor\" data-id=\"e1759ee\" data-element_type=\"widget\" data-e-type=\"widget\" data-widget_type=\"text-editor.default\">\n\t\t\t\t<div class=\"elementor-widget-container\">\n\t\t\t\t\t\t\t\t\t<p data-path-to-node=\"0\">A Barcellona, <b data-path-to-node=\"0\" data-index-in-node=\"14\">Agrifoglio<\/b> non \u00e8 solo un riferimento al cartello di Los Angeles, ma \u00e8 anche il nome di uno dei pi\u00f9 importanti <b data-path-to-node=\"0\" data-index-in-node=\"105\">Cannabis Social Club (CSC)<\/b> pi\u00f9 noto della citt\u00e0.<\/p><p data-path-to-node=\"1\">A differenza del concetto di \u00abcoffee shop\u00bb di Amsterdam, questi locali operano secondo un modello associativo specifico della Spagna. Ecco cos'\u00e8 e come funziona:<\/p><h3 data-path-to-node=\"2\">Che cos'\u00e8 l'Hollyweed Barcellona?<\/h3><p data-path-to-node=\"3\">Si tratta di un <b data-path-to-node=\"3\" data-index-in-node=\"7\">associazione della cannabis<\/b> situato nel quartiere Nou Barris (precisamente in Carrer d'Esc\u00f2cia). Si descrive come uno spazio dallo stile \u00abrock ma elegante\u00bb, pensato non solo per il consumo, ma anche come centro sociale e culturale.<\/p><h3 data-path-to-node=\"4\">Caratteristiche del sito<\/h3><ul data-path-to-node=\"5\"><li><p data-path-to-node=\"5,0,0\"><b data-path-to-node=\"5,0,0\" data-index-in-node=\"0\">Ambiente:<\/b> \u00c8 un locale spazioso con divani, tavoli per il co-working, musica dal vivo, tavoli da biliardo e schermi per guardare sport o film.<\/p><\/li><li><p data-path-to-node=\"5,1,0\"><b data-path-to-node=\"5,1,0\" data-index-in-node=\"0\">Attivit\u00e0:<\/b> Organizzano eventi comunitari come degustazioni esclusive, concerti, laboratori di cucina sulla cannabis e sessioni cinematografiche.<\/p><\/li><li><p data-path-to-node=\"5,2,0\"><b data-path-to-node=\"5,2,0\" data-index-in-node=\"0\">Qualit\u00e0:<\/b> Si concentrano sull'offerta di prodotti selezionati e sulla consulenza da parte di personale qualificato per fornire indicazioni sui diversi ceppi.<\/p><\/li><\/ul>\t\t\t\t\t\t\t\t<\/div>\n\t\t\t\t<\/div>\n\t\t\t\t\t<\/div>\n\t\t<\/div>\n\t\t\t\t\t<\/div>\n\t\t<\/section>\n\t\t\t\t<section class=\"elementor-section elementor-top-section elementor-element elementor-element-20ee64b elementor-section-boxed elementor-section-height-default elementor-section-height-default\" data-id=\"20ee64b\" data-element_type=\"section\" data-e-type=\"section\">\n\t\t\t\t\t\t<div class=\"elementor-container elementor-column-gap-default\">\n\t\t\t\t\t<div class=\"elementor-column elementor-col-100 elementor-top-column elementor-element elementor-element-0d88bd1\" data-id=\"0d88bd1\" data-element_type=\"column\" data-e-type=\"column\">\n\t\t\t<div class=\"elementor-widget-wrap elementor-element-populated\">\n\t\t\t\t\t\t<div class=\"elementor-element elementor-element-ac1d49a elementor-widget elementor-widget-text-editor\" data-id=\"ac1d49a\" data-element_type=\"widget\" data-e-type=\"widget\" data-widget_type=\"text-editor.default\">\n\t\t\t\t<div class=\"elementor-widget-container\">\n\t\t\t\t\t\t\t\t\t<h3 data-path-to-node=\"6\"><span style=\"color: #000000;\">Regole di accesso (importanti)<\/span><\/h3><p data-path-to-node=\"7\"><span style=\"color: #000000;\">Per entrare all'Hollyweed (o in qualsiasi altro club di Barcellona), \u00e8 necessario rispettare le norme legali in vigore in Catalogna:<\/span><\/p><ol start=\"1\" data-path-to-node=\"8\"><li><p data-path-to-node=\"8,0,0\"><span style=\"color: #000000;\"><b data-path-to-node=\"8,0,0\" data-index-in-node=\"0\">Diventate membri:<\/b> Non si pu\u00f2 entrare e comprare. \u00c8 necessario registrarsi come membro dell'associazione.<\/span><\/p><\/li><li><p data-path-to-node=\"8,1,0\"><span style=\"color: #000000;\"><b data-path-to-node=\"8,1,0\" data-index-in-node=\"0\">Et\u00e0 della maggiore et\u00e0:<\/b> L'et\u00e0 minima \u00e8 di solito <b data-path-to-node=\"8,1,0\" data-index-in-node=\"42\">21 anni<\/b> (anche se legalmente \u00e8 di 18 anni, molti club prestigiosi mantengono il limite a 21).<\/span><\/p><\/li><li><p data-path-to-node=\"8,2,0\"><span style=\"color: #000000;\"><b data-path-to-node=\"8,2,0\" data-index-in-node=\"0\">Invito\/Registrazione:<\/b> Di solito richiedono l'appoggio di un partner attuale o il completamento di una pre-registrazione attraverso il loro sito web prima di potersi presentare fisicamente.<\/span><\/p><\/li><li><p data-path-to-node=\"8,3,0\"><span style=\"color: #000000;\"><b data-path-to-node=\"8,3,0\" data-index-in-node=\"0\">Identificazione:<\/b> \u00c8 obbligatorio presentare un documento d'identit\u00e0 ufficiale (DNI, NIE o passaporto).<\/span><\/p><\/li><\/ol><p data-path-to-node=\"10,0\">\u00a0<\/p><blockquote><p data-path-to-node=\"10,0\"><span style=\"color: #000000;\"><b data-path-to-node=\"10,0\" data-index-in-node=\"0\">Nota legale:<\/b> Il consumo di cannabis in Spagna \u00e8 legale solo in spazi privati (come la propria casa o i club). Il consumo o il trasporto di cannabis sulle strade pubbliche pu\u00f2 comportare multe amministrative.<\/span><\/p><\/blockquote>\t\t\t\t\t\t\t\t<\/div>\n\t\t\t\t<\/div>\n\t\t\t\t<div class=\"elementor-element elementor-element-43502629 elementor-align-center elementor-widget elementor-widget-button\" data-id=\"43502629\" data-element_type=\"widget\" data-e-type=\"widget\" data-widget_type=\"button.default\">\n\t\t\t\t<div class=\"elementor-widget-container\">\n\t\t\t\t\t\t\t\t\t<div class=\"elementor-button-wrapper\">\n\t\t\t\t\t<a class=\"elementor-button elementor-button-link elementor-size-sm\" href=\"https:\/\/hollyweedbarcelona.com\/it\/associazioni-cannabiche\/\">\n\t\t\t\t\t\t<span class=\"elementor-button-content-wrapper\">\n\t\t\t\t\t\t<span class=\"elementor-button-icon\">\n\t\t\t\t<i aria-hidden=\"true\" class=\"fas fa-arrow-right\"><\/i>\t\t\t<\/span>\n\t\t\t\t\t\t\t\t\t<span class=\"elementor-button-text\">Legalit\u00e0 della marijuana a Barcellona<\/span>\n\t\t\t\t\t<\/span>\n\t\t\t\t\t<\/a>\n\t\t\t\t<\/div>\n\t\t\t\t\t\t\t\t<\/div>\n\t\t\t\t<\/div>\n\t\t\t\t\t<\/div>\n\t\t<\/div>\n\t\t\t\t\t<\/div>\n\t\t<\/section>\n\t\t\t\t<\/div>","protected":false},"excerpt":{"rendered":"<p>\u00bfQUE ES HOLLYWEED? Hollyweed nace en el 2020 con la idea de romper con lo tradicional que ofrec\u00edan las asociaciones cann\u00e1bicas hasta ese momento. Un club donde socios y colaboradores son los responsables de hacer crecer y mantener una comunidad, con la cual compartir y adentrarse en la cultura cann\u00e1bica de Barcelona. En Barcelona, Hollyweed [&hellip;]<\/p>\n","protected":false},"author":5,"featured_media":0,"parent":0,"menu_order":0,"comment_status":"closed","ping_status":"closed","template":"","meta":{"_joinchat":[],"footnotes":""},"class_list":["post-4384","page","type-page","status-publish","hentry"],"yoast_head":"<!-- This site is optimized with the Yoast SEO plugin v27.4 - https:\/\/yoast.com\/product\/yoast-seo-wordpress\/ -->\n<title>\u00bfPor qu\u00e9 Hollyweed? | Hollyweed BCN<\/title>\n<meta name=\"description\" content=\"\u00bfQUE ES HOLLYWEED? Hollyweed nace en el 2020 con la idea de romper con lo tradicional que ofrec\u00edan las asociaciones cann\u00e1bicas hasta ese momento. Un club\" \/>\n<meta name=\"robots\" content=\"index, follow, max-snippet:-1, max-image-preview:large, max-video-preview:-1\" \/>\n<link rel=\"canonical\" href=\"https:\/\/hollyweedbarcelona.com\/it\/why-hollyweed\/\" \/>\n<meta name=\"twitter:label1\" content=\"Tempo di lettura stimato\" \/>\n\t<meta name=\"twitter:data1\" content=\"2 minuti\" \/>\n<script type=\"application\/ld+json\" class=\"yoast-schema-graph\">{\"@context\":\"https:\\\/\\\/schema.org\",\"@graph\":[{\"@type\":\"WebPage\",\"@id\":\"https:\\\/\\\/hollyweedbarcelona.com\\\/por-que-hollyweed\\\/\",\"url\":\"https:\\\/\\\/hollyweedbarcelona.com\\\/por-que-hollyweed\\\/\",\"name\":\"\u00bfPor qu\u00e9 Hollyweed? | Hollyweed BCN\",\"isPartOf\":{\"@id\":\"https:\\\/\\\/hollyweedbarcelona.com\\\/#website\"},\"primaryImageOfPage\":{\"@id\":\"https:\\\/\\\/hollyweedbarcelona.com\\\/por-que-hollyweed\\\/#primaryimage\"},\"image\":{\"@id\":\"https:\\\/\\\/hollyweedbarcelona.com\\\/por-que-hollyweed\\\/#primaryimage\"},\"thumbnailUrl\":\"https:\\\/\\\/hollyweedbarcelona.com\\\/wp-content\\\/uploads\\\/hollyweed-683x1024.jpg\",\"datePublished\":\"2023-06-25T15:18:06+00:00\",\"dateModified\":\"2026-04-12T18:12:24+00:00\",\"description\":\"\u00bfQUE ES HOLLYWEED? Hollyweed nace en el 2020 con la idea de romper con lo tradicional que ofrec\u00edan las asociaciones cann\u00e1bicas hasta ese momento. Un club\",\"breadcrumb\":{\"@id\":\"https:\\\/\\\/hollyweedbarcelona.com\\\/por-que-hollyweed\\\/#breadcrumb\"},\"inLanguage\":\"it-IT\",\"potentialAction\":[{\"@type\":\"ReadAction\",\"target\":[\"https:\\\/\\\/hollyweedbarcelona.com\\\/por-que-hollyweed\\\/\"]}]},{\"@type\":\"ImageObject\",\"inLanguage\":\"it-IT\",\"@id\":\"https:\\\/\\\/hollyweedbarcelona.com\\\/por-que-hollyweed\\\/#primaryimage\",\"url\":\"https:\\\/\\\/hollyweedbarcelona.com\\\/wp-content\\\/uploads\\\/hollyweed-683x1024.jpg\",\"contentUrl\":\"https:\\\/\\\/hollyweedbarcelona.com\\\/wp-content\\\/uploads\\\/hollyweed-683x1024.jpg\"},{\"@type\":\"BreadcrumbList\",\"@id\":\"https:\\\/\\\/hollyweedbarcelona.com\\\/por-que-hollyweed\\\/#breadcrumb\",\"itemListElement\":[{\"@type\":\"ListItem\",\"position\":1,\"name\":\"Portada\",\"item\":\"https:\\\/\\\/hollyweedbarcelona.com\\\/\"},{\"@type\":\"ListItem\",\"position\":2,\"name\":\"\u00bfPor qu\u00e9 Hollyweed?\"}]},{\"@type\":\"WebSite\",\"@id\":\"https:\\\/\\\/hollyweedbarcelona.com\\\/#website\",\"url\":\"https:\\\/\\\/hollyweedbarcelona.com\\\/\",\"name\":\"Hollyweed BCN\",\"description\":\"\",\"publisher\":{\"@id\":\"https:\\\/\\\/hollyweedbarcelona.com\\\/#organization\"},\"alternateName\":\"Hollyweed Barcelona\",\"potentialAction\":[{\"@type\":\"SearchAction\",\"target\":{\"@type\":\"EntryPoint\",\"urlTemplate\":\"https:\\\/\\\/hollyweedbarcelona.com\\\/?s={search_term_string}\"},\"query-input\":{\"@type\":\"PropertyValueSpecification\",\"valueRequired\":true,\"valueName\":\"search_term_string\"}}],\"inLanguage\":\"it-IT\"},{\"@type\":\"Organization\",\"@id\":\"https:\\\/\\\/hollyweedbarcelona.com\\\/#organization\",\"name\":\"Hollyweed BCN\",\"alternateName\":\"Hollyweed Barcelona\",\"url\":\"https:\\\/\\\/hollyweedbarcelona.com\\\/\",\"logo\":{\"@type\":\"ImageObject\",\"inLanguage\":\"it-IT\",\"@id\":\"https:\\\/\\\/hollyweedbarcelona.com\\\/#\\\/schema\\\/logo\\\/image\\\/\",\"url\":\"https:\\\/\\\/hollyweedbarcelona.com\\\/wp-content\\\/uploads\\\/2021\\\/08\\\/cropped-Foto-1-10-20-23-58-30-1.png\",\"contentUrl\":\"https:\\\/\\\/hollyweedbarcelona.com\\\/wp-content\\\/uploads\\\/2021\\\/08\\\/cropped-Foto-1-10-20-23-58-30-1.png\",\"width\":512,\"height\":512,\"caption\":\"Hollyweed BCN\"},\"image\":{\"@id\":\"https:\\\/\\\/hollyweedbarcelona.com\\\/#\\\/schema\\\/logo\\\/image\\\/\"},\"sameAs\":[\"https:\\\/\\\/www.instagram.com\\\/hollyweedclub\",\"https:\\\/\\\/www.tripadvisor.es\\\/Attraction_Review-g187497-d24091610-Reviews-Hollyweed_Bcn-Barcelona_Catalonia.html\"]}]}<\/script>\n<!-- \/ Yoast SEO plugin. -->","yoast_head_json":{"title":"Perch\u00e9 Hollyweed - Hollyweed BCN?","description":"COS'\u00c8 HOLLYWEED? Hollyweed \u00e8 nato nel 2020 con l'idea di staccarsi dalle tradizionali associazioni di cannabis fino a quel momento. Un club","robots":{"index":"index","follow":"follow","max-snippet":"max-snippet:-1","max-image-preview":"max-image-preview:large","max-video-preview":"max-video-preview:-1"},"canonical":"https:\/\/hollyweedbarcelona.com\/it\/why-hollyweed\/","twitter_misc":{"Tempo di lettura stimato":"2 minuti"},"schema":{"@context":"https:\/\/schema.org","@graph":[{"@type":"WebPage","@id":"https:\/\/hollyweedbarcelona.com\/por-que-hollyweed\/","url":"https:\/\/hollyweedbarcelona.com\/por-que-hollyweed\/","name":"Perch\u00e9 Hollyweed - Hollyweed BCN?","isPartOf":{"@id":"https:\/\/hollyweedbarcelona.com\/#website"},"primaryImageOfPage":{"@id":"https:\/\/hollyweedbarcelona.com\/por-que-hollyweed\/#primaryimage"},"image":{"@id":"https:\/\/hollyweedbarcelona.com\/por-que-hollyweed\/#primaryimage"},"thumbnailUrl":"https:\/\/hollyweedbarcelona.com\/wp-content\/uploads\/hollyweed-683x1024.jpg","datePublished":"2023-06-25T15:18:06+00:00","dateModified":"2026-04-12T18:12:24+00:00","description":"COS'\u00c8 HOLLYWEED? Hollyweed \u00e8 nato nel 2020 con l'idea di staccarsi dalle tradizionali associazioni di cannabis fino a quel momento. Un club","breadcrumb":{"@id":"https:\/\/hollyweedbarcelona.com\/por-que-hollyweed\/#breadcrumb"},"inLanguage":"it-IT","potentialAction":[{"@type":"ReadAction","target":["https:\/\/hollyweedbarcelona.com\/por-que-hollyweed\/"]}]},{"@type":"ImageObject","inLanguage":"it-IT","@id":"https:\/\/hollyweedbarcelona.com\/por-que-hollyweed\/#primaryimage","url":"https:\/\/hollyweedbarcelona.com\/wp-content\/uploads\/hollyweed-683x1024.jpg","contentUrl":"https:\/\/hollyweedbarcelona.com\/wp-content\/uploads\/hollyweed-683x1024.jpg"},{"@type":"BreadcrumbList","@id":"https:\/\/hollyweedbarcelona.com\/por-que-hollyweed\/#breadcrumb","itemListElement":[{"@type":"ListItem","position":1,"name":"Portada","item":"https:\/\/hollyweedbarcelona.com\/"},{"@type":"ListItem","position":2,"name":"\u00bfPor qu\u00e9 Hollyweed?"}]},{"@type":"WebSite","@id":"https:\/\/hollyweedbarcelona.com\/#website","url":"https:\/\/hollyweedbarcelona.com\/","name":"Agrifoglio BCN","description":"","publisher":{"@id":"https:\/\/hollyweedbarcelona.com\/#organization"},"alternateName":"Hollyweed Barcelona","potentialAction":[{"@type":"SearchAction","target":{"@type":"EntryPoint","urlTemplate":"https:\/\/hollyweedbarcelona.com\/?s={search_term_string}"},"query-input":{"@type":"PropertyValueSpecification","valueRequired":true,"valueName":"search_term_string"}}],"inLanguage":"it-IT"},{"@type":"Organization","@id":"https:\/\/hollyweedbarcelona.com\/#organization","name":"Agrifoglio BCN","alternateName":"Hollyweed Barcelona","url":"https:\/\/hollyweedbarcelona.com\/","logo":{"@type":"ImageObject","inLanguage":"it-IT","@id":"https:\/\/hollyweedbarcelona.com\/#\/schema\/logo\/image\/","url":"https:\/\/hollyweedbarcelona.com\/wp-content\/uploads\/2021\/08\/cropped-Foto-1-10-20-23-58-30-1.png","contentUrl":"https:\/\/hollyweedbarcelona.com\/wp-content\/uploads\/2021\/08\/cropped-Foto-1-10-20-23-58-30-1.png","width":512,"height":512,"caption":"Hollyweed BCN"},"image":{"@id":"https:\/\/hollyweedbarcelona.com\/#\/schema\/logo\/image\/"},"sameAs":["https:\/\/www.instagram.com\/hollyweedclub","https:\/\/www.tripadvisor.es\/Attraction_Review-g187497-d24091610-Reviews-Hollyweed_Bcn-Barcelona_Catalonia.html"]}]}},"_links":{"self":[{"href":"https:\/\/hollyweedbarcelona.com\/it\/wp-json\/wp\/v2\/pages\/4384","targetHints":{"allow":["GET"]}}],"collection":[{"href":"https:\/\/hollyweedbarcelona.com\/it\/wp-json\/wp\/v2\/pages"}],"about":[{"href":"https:\/\/hollyweedbarcelona.com\/it\/wp-json\/wp\/v2\/types\/page"}],"author":[{"embeddable":true,"href":"https:\/\/hollyweedbarcelona.com\/it\/wp-json\/wp\/v2\/users\/5"}],"replies":[{"embeddable":true,"href":"https:\/\/hollyweedbarcelona.com\/it\/wp-json\/wp\/v2\/comments?post=4384"}],"version-history":[{"count":0,"href":"https:\/\/hollyweedbarcelona.com\/it\/wp-json\/wp\/v2\/pages\/4384\/revisions"}],"wp:attachment":[{"href":"https:\/\/hollyweedbarcelona.com\/it\/wp-json\/wp\/v2\/media?parent=4384"}],"curies":[{"name":"wp","href":"https:\/\/api.w.org\/{rel}","templated":true}]}}