{"id":4778,"date":"2023-08-21T12:39:04","date_gmt":"2023-08-21T10:39:04","guid":{"rendered":"https:\/\/hollyweedbarcelona.com\/?page_id=4778"},"modified":"2024-12-30T11:20:47","modified_gmt":"2024-12-30T10:20:47","slug":"eventi-2","status":"publish","type":"page","link":"https:\/\/hollyweedbarcelona.com\/it\/eventi-2\/","title":{"rendered":"Eventi"},"content":{"rendered":"<div data-elementor-type=\"wp-page\" data-elementor-id=\"4778\" class=\"elementor elementor-4778\" data-elementor-post-type=\"page\">\n\t\t\t\t\t\t<section class=\"elementor-section elementor-top-section elementor-element elementor-element-3cfd7b9 elementor-section-boxed elementor-section-height-default elementor-section-height-default\" data-id=\"3cfd7b9\" data-element_type=\"section\" data-e-type=\"section\" data-settings=\"{&quot;background_background&quot;:&quot;classic&quot;}\">\n\t\t\t\t\t\t<div class=\"elementor-container elementor-column-gap-default\">\n\t\t\t\t\t<div class=\"elementor-column elementor-col-100 elementor-top-column elementor-element elementor-element-107bcbd\" data-id=\"107bcbd\" data-element_type=\"column\" data-e-type=\"column\">\n\t\t\t<div class=\"elementor-widget-wrap elementor-element-populated\">\n\t\t\t\t\t\t<section class=\"elementor-section elementor-inner-section elementor-element elementor-element-6596de9 elementor-section-boxed elementor-section-height-default elementor-section-height-default\" data-id=\"6596de9\" data-element_type=\"section\" data-e-type=\"section\">\n\t\t\t\t\t\t<div class=\"elementor-container elementor-column-gap-default\">\n\t\t\t\t\t<div class=\"elementor-column elementor-col-50 elementor-inner-column elementor-element elementor-element-5d4a94d\" data-id=\"5d4a94d\" data-element_type=\"column\" data-e-type=\"column\">\n\t\t\t<div class=\"elementor-widget-wrap\">\n\t\t\t\t\t\t\t<\/div>\n\t\t<\/div>\n\t\t\t\t<div class=\"elementor-column elementor-col-50 elementor-inner-column elementor-element elementor-element-85639a3\" data-id=\"85639a3\" data-element_type=\"column\" data-e-type=\"column\">\n\t\t\t<div class=\"elementor-widget-wrap\">\n\t\t\t\t\t\t\t<\/div>\n\t\t<\/div>\n\t\t\t\t\t<\/div>\n\t\t<\/section>\n\t\t\t\t\t<\/div>\n\t\t<\/div>\n\t\t\t\t\t<\/div>\n\t\t<\/section>\n\t\t\t\t<section class=\"elementor-section elementor-top-section elementor-element elementor-element-8fece07 elementor-section-boxed elementor-section-height-default elementor-section-height-default\" data-id=\"8fece07\" data-element_type=\"section\" data-e-type=\"section\">\n\t\t\t\t\t\t<div class=\"elementor-container elementor-column-gap-default\">\n\t\t\t\t\t<div class=\"elementor-column elementor-col-100 elementor-top-column elementor-element elementor-element-6d0622e\" data-id=\"6d0622e\" data-element_type=\"column\" data-e-type=\"column\">\n\t\t\t<div class=\"elementor-widget-wrap elementor-element-populated\">\n\t\t\t\t\t\t<div class=\"elementor-element elementor-element-f36f4d1 elementor-widget elementor-widget-heading\" data-id=\"f36f4d1\" data-element_type=\"widget\" data-e-type=\"widget\" data-widget_type=\"heading.default\">\n\t\t\t\t<div class=\"elementor-widget-container\">\n\t\t\t\t\t<h1 class=\"elementor-heading-title elementor-size-default\">EVENTI NEL NOSTRO<br> CANNABIS CLUB A BARCELLONA<\/h1>\t\t\t\t<\/div>\n\t\t\t\t<\/div>\n\t\t\t\t\t<\/div>\n\t\t<\/div>\n\t\t\t\t\t<\/div>\n\t\t<\/section>\n\t\t\t\t<section class=\"elementor-section elementor-top-section elementor-element elementor-element-1b4ca058 elementor-section-full_width elementor-section-height-default elementor-section-height-default\" data-id=\"1b4ca058\" data-element_type=\"section\" data-e-type=\"section\" data-settings=\"{&quot;background_background&quot;:&quot;classic&quot;}\">\n\t\t\t\t\t\t<div class=\"elementor-container elementor-column-gap-default\">\n\t\t\t\t\t<div class=\"elementor-column elementor-col-50 elementor-top-column elementor-element elementor-element-5024bb49\" data-id=\"5024bb49\" data-element_type=\"column\" data-e-type=\"column\">\n\t\t\t<div class=\"elementor-widget-wrap elementor-element-populated\">\n\t\t\t\t\t\t<div class=\"elementor-element elementor-element-7c1c47cc elementor-widget elementor-widget-image\" data-id=\"7c1c47cc\" data-element_type=\"widget\" data-e-type=\"widget\" data-widget_type=\"image.default\">\n\t\t\t\t<div class=\"elementor-widget-container\">\n\t\t\t\t\t\t\t\t\t\t\t\t\t\t\t<img fetchpriority=\"high\" decoding=\"async\" width=\"800\" height=\"534\" src=\"https:\/\/hollyweedbarcelona.com\/wp-content\/uploads\/Diseno-sin-titulo-2.webp\" class=\"attachment-large size-large wp-image-6384\" alt=\"cannabis club barcellona\" srcset=\"https:\/\/hollyweedbarcelona.com\/wp-content\/uploads\/Diseno-sin-titulo-2.webp 800w, https:\/\/hollyweedbarcelona.com\/wp-content\/uploads\/Diseno-sin-titulo-2-300x200.webp 300w, https:\/\/hollyweedbarcelona.com\/wp-content\/uploads\/Diseno-sin-titulo-2-768x513.webp 768w, https:\/\/hollyweedbarcelona.com\/wp-content\/uploads\/Diseno-sin-titulo-2-18x12.webp 18w\" sizes=\"(max-width: 800px) 100vw, 800px\" \/>\t\t\t\t\t\t\t\t\t\t\t\t\t\t\t<\/div>\n\t\t\t\t<\/div>\n\t\t\t\t\t<\/div>\n\t\t<\/div>\n\t\t\t\t<div class=\"elementor-column elementor-col-50 elementor-top-column elementor-element elementor-element-691b8d76\" data-id=\"691b8d76\" data-element_type=\"column\" data-e-type=\"column\">\n\t\t\t<div class=\"elementor-widget-wrap elementor-element-populated\">\n\t\t\t\t\t\t<div class=\"elementor-element elementor-element-f24dae4 elementor-widget elementor-widget-text-editor\" data-id=\"f24dae4\" data-element_type=\"widget\" data-e-type=\"widget\" data-widget_type=\"text-editor.default\">\n\t\t\t\t<div class=\"elementor-widget-container\">\n\t\t\t\t\t\t\t\t\t<div class=\"elementor-element elementor-element-758e28e2 elementor-widget elementor-widget-heading\" data-id=\"758e28e2\" data-element_type=\"widget\" data-widget_type=\"heading.default\"><div class=\"elementor-widget-container\"><h2 class=\"elementor-heading-title elementor-size-default\">LUNED\u00cc SORTEGGIO<\/h2><\/div><\/div>\t\t\t\t\t\t\t\t<\/div>\n\t\t\t\t<\/div>\n\t\t\t\t<div class=\"elementor-element elementor-element-4991d167 elementor-widget elementor-widget-text-editor\" data-id=\"4991d167\" data-element_type=\"widget\" data-e-type=\"widget\" data-widget_type=\"text-editor.default\">\n\t\t\t\t<div class=\"elementor-widget-container\">\n\t\t\t\t\t\t\t\t\t<div class=\"elementor-element elementor-element-790ddc41 elementor-widget elementor-widget-text-editor\" data-id=\"790ddc41\" data-element_type=\"widget\" data-widget_type=\"text-editor.default\"><div class=\"elementor-widget-container\"><p><span style=\"color: #ffffff;\">Unitevi a noi per un'emozionante serata di fortuna e cameratismo alla nostra Cannabis Fortune Night! Questo evento speciale presso il nostro cannabis club vi dar\u00e0 la possibilit\u00e0 di vincere emozionanti premi legati alla cannabis godendo di un'atmosfera rilassata e amichevole.<\/span><\/p><\/div><\/div><div class=\"elementor-element elementor-element-8f9398e elementor-widget elementor-widget-heading\" data-id=\"8f9398e\" data-element_type=\"widget\" data-widget_type=\"heading.default\"><div class=\"elementor-widget-container\">\u00a0<\/div><\/div>\t\t\t\t\t\t\t\t<\/div>\n\t\t\t\t<\/div>\n\t\t\t\t<div class=\"elementor-element elementor-element-4eef39d8 elementor-widget elementor-widget-button\" data-id=\"4eef39d8\" data-element_type=\"widget\" data-e-type=\"widget\" data-widget_type=\"button.default\">\n\t\t\t\t<div class=\"elementor-widget-container\">\n\t\t\t\t\t\t\t\t\t<div class=\"elementor-button-wrapper\">\n\t\t\t\t\t<a class=\"elementor-button elementor-button-link elementor-size-sm\" href=\"https:\/\/hollyweedbarcelona.com\/it\/sorteggio-lunedi-2\/\">\n\t\t\t\t\t\t<span class=\"elementor-button-content-wrapper\">\n\t\t\t\t\t\t\t\t\t<span class=\"elementor-button-text\">SCOPRI DI PI\u00d9<\/span>\n\t\t\t\t\t<\/span>\n\t\t\t\t\t<\/a>\n\t\t\t\t<\/div>\n\t\t\t\t\t\t\t\t<\/div>\n\t\t\t\t<\/div>\n\t\t\t\t\t<\/div>\n\t\t<\/div>\n\t\t\t\t\t<\/div>\n\t\t<\/section>\n\t\t\t\t<section class=\"elementor-section elementor-top-section elementor-element elementor-element-26f12126 elementor-section-full_width elementor-section-height-default elementor-section-height-default\" data-id=\"26f12126\" data-element_type=\"section\" data-e-type=\"section\">\n\t\t\t\t\t\t<div class=\"elementor-container elementor-column-gap-default\">\n\t\t\t\t\t<div class=\"elementor-column elementor-col-50 elementor-top-column elementor-element elementor-element-2916d656\" data-id=\"2916d656\" data-element_type=\"column\" data-e-type=\"column\">\n\t\t\t<div class=\"elementor-widget-wrap elementor-element-populated\">\n\t\t\t\t\t\t<div class=\"elementor-element elementor-element-c1ac70b elementor-widget elementor-widget-text-editor\" data-id=\"c1ac70b\" data-element_type=\"widget\" data-e-type=\"widget\" data-widget_type=\"text-editor.default\">\n\t\t\t\t<div class=\"elementor-widget-container\">\n\t\t\t\t\t\t\t\t\t<div class=\"elementor-element elementor-element-66cf5423 elementor-widget elementor-widget-heading\" data-id=\"66cf5423\" data-element_type=\"widget\" data-widget_type=\"heading.default\"><div class=\"elementor-widget-container\"><h2 class=\"elementor-heading-title elementor-size-default\">MERCOLED\u00cc: CROISSANT&amp;CAFF\u00c8<\/h2><\/div><\/div>\t\t\t\t\t\t\t\t<\/div>\n\t\t\t\t<\/div>\n\t\t\t\t<div class=\"elementor-element elementor-element-5f4fa52f elementor-widget elementor-widget-text-editor\" data-id=\"5f4fa52f\" data-element_type=\"widget\" data-e-type=\"widget\" data-widget_type=\"text-editor.default\">\n\t\t\t\t<div class=\"elementor-widget-container\">\n\t\t\t\t\t\t\t\t\t<div class=\"elementor-element elementor-element-79358b45 elementor-widget elementor-widget-text-editor\" data-id=\"79358b45\" data-element_type=\"widget\" data-widget_type=\"text-editor.default\"><div class=\"elementor-widget-container\"><div class=\"elementor-element elementor-element-1dd900a3 elementor-widget elementor-widget-text-editor\" data-id=\"1dd900a3\" data-element_type=\"widget\" data-widget_type=\"text-editor.default\"><div class=\"elementor-widget-container\"><span style=\"color: #ffffff; font-size: 1rem;\">Per festeggiare e ringraziare i nostri clienti pi\u00f9 fedeli, vi invitiamo a un'esclusiva Colazione Speciale Cannabis. Se avete fatto pi\u00f9 di 10 acquisti presso il nostro cannabis club, questo evento \u00e8 il nostro modo di ricambiare con una deliziosa mattinata ricca di croissant freschi, caff\u00e8 aromatico e una fantastica compagnia.<\/span><\/div><\/div><div class=\"elementor-element elementor-element-7a0e0220 elementor-widget elementor-widget-heading\" data-id=\"7a0e0220\" data-element_type=\"widget\" data-widget_type=\"heading.default\"><div class=\"elementor-widget-container\"><div class=\"elementor-element elementor-element-73958d41 elementor-widget elementor-widget-heading\" data-id=\"73958d41\" data-element_type=\"widget\" data-widget_type=\"heading.default\"><div class=\"elementor-widget-container\">\u00a0<\/div><\/div><\/div><\/div><\/div><\/div>\t\t\t\t\t\t\t\t<\/div>\n\t\t\t\t<\/div>\n\t\t\t\t<div class=\"elementor-element elementor-element-2cafe17d elementor-align-right elementor-widget elementor-widget-button\" data-id=\"2cafe17d\" data-element_type=\"widget\" data-e-type=\"widget\" data-widget_type=\"button.default\">\n\t\t\t\t<div class=\"elementor-widget-container\">\n\t\t\t\t\t\t\t\t\t<div class=\"elementor-button-wrapper\">\n\t\t\t\t\t<a class=\"elementor-button elementor-button-link elementor-size-sm\" href=\"https:\/\/hollyweedbarcelona.com\/it\/mercoledi-croissant-caffe-2\/\">\n\t\t\t\t\t\t<span class=\"elementor-button-content-wrapper\">\n\t\t\t\t\t\t\t\t\t<span class=\"elementor-button-text\">SCOPRI DI PI\u00d9<\/span>\n\t\t\t\t\t<\/span>\n\t\t\t\t\t<\/a>\n\t\t\t\t<\/div>\n\t\t\t\t\t\t\t\t<\/div>\n\t\t\t\t<\/div>\n\t\t\t\t\t<\/div>\n\t\t<\/div>\n\t\t\t\t<div class=\"elementor-column elementor-col-50 elementor-top-column elementor-element elementor-element-58bc9895\" data-id=\"58bc9895\" data-element_type=\"column\" data-e-type=\"column\">\n\t\t\t<div class=\"elementor-widget-wrap elementor-element-populated\">\n\t\t\t\t\t\t<div class=\"elementor-element elementor-element-1fb0183f elementor-widget elementor-widget-image\" data-id=\"1fb0183f\" data-element_type=\"widget\" data-e-type=\"widget\" data-widget_type=\"image.default\">\n\t\t\t\t<div class=\"elementor-widget-container\">\n\t\t\t\t\t\t\t\t\t\t\t\t\t\t\t<img decoding=\"async\" width=\"600\" height=\"400\" src=\"https:\/\/hollyweedbarcelona.com\/wp-content\/uploads\/weed-club-bcn.jpg\" class=\"attachment-large size-large wp-image-10365\" alt=\"club dell&#039;erba di barcellona\" srcset=\"https:\/\/hollyweedbarcelona.com\/wp-content\/uploads\/weed-club-bcn.jpg 600w, https:\/\/hollyweedbarcelona.com\/wp-content\/uploads\/weed-club-bcn-300x200.jpg 300w, https:\/\/hollyweedbarcelona.com\/wp-content\/uploads\/weed-club-bcn-18x12.jpg 18w\" sizes=\"(max-width: 600px) 100vw, 600px\" \/>\t\t\t\t\t\t\t\t\t\t\t\t\t\t\t<\/div>\n\t\t\t\t<\/div>\n\t\t\t\t\t<\/div>\n\t\t<\/div>\n\t\t\t\t\t<\/div>\n\t\t<\/section>\n\t\t\t\t<section class=\"elementor-section elementor-top-section elementor-element elementor-element-244acce elementor-section-full_width elementor-section-height-default elementor-section-height-default\" data-id=\"244acce\" data-element_type=\"section\" data-e-type=\"section\">\n\t\t\t\t\t\t<div class=\"elementor-container elementor-column-gap-default\">\n\t\t\t\t\t<div class=\"elementor-column elementor-col-50 elementor-top-column elementor-element elementor-element-5475c21b\" data-id=\"5475c21b\" data-element_type=\"column\" data-e-type=\"column\">\n\t\t\t<div class=\"elementor-widget-wrap elementor-element-populated\">\n\t\t\t\t\t\t<div class=\"elementor-element elementor-element-3390d1b0 elementor-widget elementor-widget-image\" data-id=\"3390d1b0\" data-element_type=\"widget\" data-e-type=\"widget\" data-widget_type=\"image.default\">\n\t\t\t\t<div class=\"elementor-widget-container\">\n\t\t\t\t\t\t\t\t\t\t\t\t\t\t\t<img decoding=\"async\" width=\"800\" height=\"600\" src=\"https:\/\/hollyweedbarcelona.com\/wp-content\/uploads\/295888947_384588300445831_6217583700394037617_n-1024x768.webp\" class=\"attachment-large size-large wp-image-6386\" alt=\"\" srcset=\"https:\/\/hollyweedbarcelona.com\/wp-content\/uploads\/295888947_384588300445831_6217583700394037617_n-1024x768.webp 1024w, https:\/\/hollyweedbarcelona.com\/wp-content\/uploads\/295888947_384588300445831_6217583700394037617_n-300x225.webp 300w, https:\/\/hollyweedbarcelona.com\/wp-content\/uploads\/295888947_384588300445831_6217583700394037617_n-768x576.webp 768w, https:\/\/hollyweedbarcelona.com\/wp-content\/uploads\/295888947_384588300445831_6217583700394037617_n-1536x1152.webp 1536w, https:\/\/hollyweedbarcelona.com\/wp-content\/uploads\/295888947_384588300445831_6217583700394037617_n-16x12.webp 16w, https:\/\/hollyweedbarcelona.com\/wp-content\/uploads\/295888947_384588300445831_6217583700394037617_n.webp 2048w\" sizes=\"(max-width: 800px) 100vw, 800px\" \/>\t\t\t\t\t\t\t\t\t\t\t\t\t\t\t<\/div>\n\t\t\t\t<\/div>\n\t\t\t\t\t<\/div>\n\t\t<\/div>\n\t\t\t\t<div class=\"elementor-column elementor-col-50 elementor-top-column elementor-element elementor-element-1b934029\" data-id=\"1b934029\" data-element_type=\"column\" data-e-type=\"column\">\n\t\t\t<div class=\"elementor-widget-wrap elementor-element-populated\">\n\t\t\t\t\t\t<div class=\"elementor-element elementor-element-19ba6aa elementor-widget elementor-widget-text-editor\" data-id=\"19ba6aa\" data-element_type=\"widget\" data-e-type=\"widget\" data-widget_type=\"text-editor.default\">\n\t\t\t\t<div class=\"elementor-widget-container\">\n\t\t\t\t\t\t\t\t\t<div class=\"elementor-element elementor-element-62ef1b4 elementor-widget elementor-widget-heading\" data-id=\"62ef1b4\" data-element_type=\"widget\" data-widget_type=\"heading.default\"><div class=\"elementor-widget-container\"><h2 class=\"elementor-heading-title elementor-size-default\">SPUNTINO DEL VENERD\u00cc POMERIGGIO<\/h2><\/div><\/div>\t\t\t\t\t\t\t\t<\/div>\n\t\t\t\t<\/div>\n\t\t\t\t<div class=\"elementor-element elementor-element-68aded2 elementor-widget elementor-widget-text-editor\" data-id=\"68aded2\" data-element_type=\"widget\" data-e-type=\"widget\" data-widget_type=\"text-editor.default\">\n\t\t\t\t<div class=\"elementor-widget-container\">\n\t\t\t\t\t\t\t\t\t<div class=\"elementor-element elementor-element-4a827a07 elementor-widget elementor-widget-text-editor\" data-id=\"4a827a07\" data-element_type=\"widget\" data-widget_type=\"text-editor.default\"><div class=\"elementor-widget-container\"><p><span style=\"color: #ffffff;\">Vi invitiamo a unirvi a noi per un pomeriggio rilassato e pieno di gusto al nostro Cannabis Afternoon Snack. In questo evento speciale presso il nostro cannabis club, potrete gustare una variet\u00e0 di gustose prelibatezze da sgranocchiare mentre condividete piacevoli momenti con altri appassionati di cannabis.<\/span><\/p><\/div><\/div><div class=\"elementor-element elementor-element-71180276 elementor-widget elementor-widget-heading\" data-id=\"71180276\" data-element_type=\"widget\" data-widget_type=\"heading.default\"><div class=\"elementor-widget-container\">\u00a0<\/div><\/div>\t\t\t\t\t\t\t\t<\/div>\n\t\t\t\t<\/div>\n\t\t\t\t<div class=\"elementor-element elementor-element-747a676 elementor-widget elementor-widget-button\" data-id=\"747a676\" data-element_type=\"widget\" data-e-type=\"widget\" data-widget_type=\"button.default\">\n\t\t\t\t<div class=\"elementor-widget-container\">\n\t\t\t\t\t\t\t\t\t<div class=\"elementor-button-wrapper\">\n\t\t\t\t\t<a class=\"elementor-button elementor-button-link elementor-size-sm\" href=\"https:\/\/hollyweedbarcelona.com\/it\/merenda-venerdi-2\/\">\n\t\t\t\t\t\t<span class=\"elementor-button-content-wrapper\">\n\t\t\t\t\t\t\t\t\t<span class=\"elementor-button-text\">SCOPRI DI PI\u00d9<\/span>\n\t\t\t\t\t<\/span>\n\t\t\t\t\t<\/a>\n\t\t\t\t<\/div>\n\t\t\t\t\t\t\t\t<\/div>\n\t\t\t\t<\/div>\n\t\t\t\t\t<\/div>\n\t\t<\/div>\n\t\t\t\t\t<\/div>\n\t\t<\/section>\n\t\t\t\t<\/div>","protected":false},"excerpt":{"rendered":"<p>EVENTOS EN NUESTRO CLUB CANN\u00c1BICO EN BARCELONA LUNES DE SORTEO \u00a1\u00danete a nosotros para una emocionante noche de suerte y camarader\u00eda en nuestra Noche de Fortuna Cann\u00e1bica! Este evento especial en nuestro club de cannabis te brindar\u00e1 la oportunidad de ganar emocionantes premios relacionados con el mundo del cannabis mientras disfrutas de un ambiente relajado [&hellip;]<\/p>\n","protected":false},"author":5,"featured_media":0,"parent":0,"menu_order":0,"comment_status":"closed","ping_status":"closed","template":"","meta":{"_joinchat":[],"footnotes":""},"class_list":["post-4778","page","type-page","status-publish","hentry"],"yoast_head":"<!-- This site is optimized with the Yoast SEO plugin v27.6 - https:\/\/yoast.com\/product\/yoast-seo-wordpress\/ -->\n<title>Eventos | Hollyweed BCN<\/title>\n<meta name=\"description\" content=\"EVENTOS EN NUESTRO CLUB CANN\u00c1BICO EN BARCELONA LUNES DE SORTEO\u00a1\u00danete a nosotros para una emocionante noche de suerte y camarader\u00eda en nuestra Noche de\" \/>\n<meta name=\"robots\" content=\"index, follow, max-snippet:-1, max-image-preview:large, max-video-preview:-1\" \/>\n<link rel=\"canonical\" href=\"https:\/\/hollyweedbarcelona.com\/it\/eventi-2\/\" \/>\n<meta name=\"twitter:label1\" content=\"Tempo di lettura stimato\" \/>\n\t<meta name=\"twitter:data1\" content=\"1 minuto\" \/>\n<script type=\"application\/ld+json\" class=\"yoast-schema-graph\">{\"@context\":\"https:\\\/\\\/schema.org\",\"@graph\":[{\"@type\":\"WebPage\",\"@id\":\"https:\\\/\\\/hollyweedbarcelona.com\\\/eventos\\\/\",\"url\":\"https:\\\/\\\/hollyweedbarcelona.com\\\/eventos\\\/\",\"name\":\"Eventos | Hollyweed BCN\",\"isPartOf\":{\"@id\":\"https:\\\/\\\/hollyweedbarcelona.com\\\/#website\"},\"primaryImageOfPage\":{\"@id\":\"https:\\\/\\\/hollyweedbarcelona.com\\\/eventos\\\/#primaryimage\"},\"image\":{\"@id\":\"https:\\\/\\\/hollyweedbarcelona.com\\\/eventos\\\/#primaryimage\"},\"thumbnailUrl\":\"https:\\\/\\\/hollyweedbarcelona.com\\\/wp-content\\\/uploads\\\/Diseno-sin-titulo-2.webp\",\"datePublished\":\"2023-08-21T10:39:04+00:00\",\"dateModified\":\"2024-12-30T10:20:47+00:00\",\"description\":\"EVENTOS EN NUESTRO CLUB CANN\u00c1BICO EN BARCELONA LUNES DE SORTEO\u00a1\u00danete a nosotros para una emocionante noche de suerte y camarader\u00eda en nuestra Noche de\",\"breadcrumb\":{\"@id\":\"https:\\\/\\\/hollyweedbarcelona.com\\\/eventos\\\/#breadcrumb\"},\"inLanguage\":\"it-IT\",\"potentialAction\":[{\"@type\":\"ReadAction\",\"target\":[\"https:\\\/\\\/hollyweedbarcelona.com\\\/eventos\\\/\"]}]},{\"@type\":\"ImageObject\",\"inLanguage\":\"it-IT\",\"@id\":\"https:\\\/\\\/hollyweedbarcelona.com\\\/eventos\\\/#primaryimage\",\"url\":\"https:\\\/\\\/hollyweedbarcelona.com\\\/wp-content\\\/uploads\\\/Diseno-sin-titulo-2.webp\",\"contentUrl\":\"https:\\\/\\\/hollyweedbarcelona.com\\\/wp-content\\\/uploads\\\/Diseno-sin-titulo-2.webp\"},{\"@type\":\"BreadcrumbList\",\"@id\":\"https:\\\/\\\/hollyweedbarcelona.com\\\/eventos\\\/#breadcrumb\",\"itemListElement\":[{\"@type\":\"ListItem\",\"position\":1,\"name\":\"Portada\",\"item\":\"https:\\\/\\\/hollyweedbarcelona.com\\\/\"},{\"@type\":\"ListItem\",\"position\":2,\"name\":\"Eventos\"}]},{\"@type\":\"WebSite\",\"@id\":\"https:\\\/\\\/hollyweedbarcelona.com\\\/#website\",\"url\":\"https:\\\/\\\/hollyweedbarcelona.com\\\/\",\"name\":\"Hollyweed BCN\",\"description\":\"\",\"publisher\":{\"@id\":\"https:\\\/\\\/hollyweedbarcelona.com\\\/#organization\"},\"alternateName\":\"Hollyweed Barcelona\",\"potentialAction\":[{\"@type\":\"SearchAction\",\"target\":{\"@type\":\"EntryPoint\",\"urlTemplate\":\"https:\\\/\\\/hollyweedbarcelona.com\\\/?s={search_term_string}\"},\"query-input\":{\"@type\":\"PropertyValueSpecification\",\"valueRequired\":true,\"valueName\":\"search_term_string\"}}],\"inLanguage\":\"it-IT\"},{\"@type\":\"Organization\",\"@id\":\"https:\\\/\\\/hollyweedbarcelona.com\\\/#organization\",\"name\":\"Hollyweed BCN\",\"alternateName\":\"Hollyweed Barcelona\",\"url\":\"https:\\\/\\\/hollyweedbarcelona.com\\\/\",\"logo\":{\"@type\":\"ImageObject\",\"inLanguage\":\"it-IT\",\"@id\":\"https:\\\/\\\/hollyweedbarcelona.com\\\/#\\\/schema\\\/logo\\\/image\\\/\",\"url\":\"https:\\\/\\\/hollyweedbarcelona.com\\\/wp-content\\\/uploads\\\/2021\\\/08\\\/cropped-Foto-1-10-20-23-58-30-1.png\",\"contentUrl\":\"https:\\\/\\\/hollyweedbarcelona.com\\\/wp-content\\\/uploads\\\/2021\\\/08\\\/cropped-Foto-1-10-20-23-58-30-1.png\",\"width\":512,\"height\":512,\"caption\":\"Hollyweed BCN\"},\"image\":{\"@id\":\"https:\\\/\\\/hollyweedbarcelona.com\\\/#\\\/schema\\\/logo\\\/image\\\/\"},\"sameAs\":[\"https:\\\/\\\/www.instagram.com\\\/hollyweedclub\",\"https:\\\/\\\/www.tripadvisor.es\\\/Attraction_Review-g187497-d24091610-Reviews-Hollyweed_Bcn-Barcelona_Catalonia.html\"]}]}<\/script>\n<!-- \/ Yoast SEO plugin. -->","yoast_head_json":{"title":"Eventi | Hollyweed BCN","description":"EVENTI AL NOSTRO CLUB CANNABICO DI BARCELLONA ESTRAZIONE LUNEDI'Unisciti a noi per un'emozionante serata di fortuna e cameratismo alla nostra Cannabis Club Night di BARCELLONA!","robots":{"index":"index","follow":"follow","max-snippet":"max-snippet:-1","max-image-preview":"max-image-preview:large","max-video-preview":"max-video-preview:-1"},"canonical":"https:\/\/hollyweedbarcelona.com\/it\/eventi-2\/","twitter_misc":{"Tempo di lettura stimato":"1 minuto"},"schema":{"@context":"https:\/\/schema.org","@graph":[{"@type":"WebPage","@id":"https:\/\/hollyweedbarcelona.com\/eventos\/","url":"https:\/\/hollyweedbarcelona.com\/eventos\/","name":"Eventi | Hollyweed BCN","isPartOf":{"@id":"https:\/\/hollyweedbarcelona.com\/#website"},"primaryImageOfPage":{"@id":"https:\/\/hollyweedbarcelona.com\/eventos\/#primaryimage"},"image":{"@id":"https:\/\/hollyweedbarcelona.com\/eventos\/#primaryimage"},"thumbnailUrl":"https:\/\/hollyweedbarcelona.com\/wp-content\/uploads\/Diseno-sin-titulo-2.webp","datePublished":"2023-08-21T10:39:04+00:00","dateModified":"2024-12-30T10:20:47+00:00","description":"EVENTI AL NOSTRO CLUB CANNABICO DI BARCELLONA ESTRAZIONE LUNEDI'Unisciti a noi per un'emozionante serata di fortuna e cameratismo alla nostra Cannabis Club Night di BARCELLONA!","breadcrumb":{"@id":"https:\/\/hollyweedbarcelona.com\/eventos\/#breadcrumb"},"inLanguage":"it-IT","potentialAction":[{"@type":"ReadAction","target":["https:\/\/hollyweedbarcelona.com\/eventos\/"]}]},{"@type":"ImageObject","inLanguage":"it-IT","@id":"https:\/\/hollyweedbarcelona.com\/eventos\/#primaryimage","url":"https:\/\/hollyweedbarcelona.com\/wp-content\/uploads\/Diseno-sin-titulo-2.webp","contentUrl":"https:\/\/hollyweedbarcelona.com\/wp-content\/uploads\/Diseno-sin-titulo-2.webp"},{"@type":"BreadcrumbList","@id":"https:\/\/hollyweedbarcelona.com\/eventos\/#breadcrumb","itemListElement":[{"@type":"ListItem","position":1,"name":"Portada","item":"https:\/\/hollyweedbarcelona.com\/"},{"@type":"ListItem","position":2,"name":"Eventos"}]},{"@type":"WebSite","@id":"https:\/\/hollyweedbarcelona.com\/#website","url":"https:\/\/hollyweedbarcelona.com\/","name":"Agrifoglio BCN","description":"","publisher":{"@id":"https:\/\/hollyweedbarcelona.com\/#organization"},"alternateName":"Hollyweed Barcelona","potentialAction":[{"@type":"SearchAction","target":{"@type":"EntryPoint","urlTemplate":"https:\/\/hollyweedbarcelona.com\/?s={search_term_string}"},"query-input":{"@type":"PropertyValueSpecification","valueRequired":true,"valueName":"search_term_string"}}],"inLanguage":"it-IT"},{"@type":"Organization","@id":"https:\/\/hollyweedbarcelona.com\/#organization","name":"Agrifoglio BCN","alternateName":"Hollyweed Barcelona","url":"https:\/\/hollyweedbarcelona.com\/","logo":{"@type":"ImageObject","inLanguage":"it-IT","@id":"https:\/\/hollyweedbarcelona.com\/#\/schema\/logo\/image\/","url":"https:\/\/hollyweedbarcelona.com\/wp-content\/uploads\/2021\/08\/cropped-Foto-1-10-20-23-58-30-1.png","contentUrl":"https:\/\/hollyweedbarcelona.com\/wp-content\/uploads\/2021\/08\/cropped-Foto-1-10-20-23-58-30-1.png","width":512,"height":512,"caption":"Hollyweed BCN"},"image":{"@id":"https:\/\/hollyweedbarcelona.com\/#\/schema\/logo\/image\/"},"sameAs":["https:\/\/www.instagram.com\/hollyweedclub","https:\/\/www.tripadvisor.es\/Attraction_Review-g187497-d24091610-Reviews-Hollyweed_Bcn-Barcelona_Catalonia.html"]}]}},"_links":{"self":[{"href":"https:\/\/hollyweedbarcelona.com\/it\/wp-json\/wp\/v2\/pages\/4778","targetHints":{"allow":["GET"]}}],"collection":[{"href":"https:\/\/hollyweedbarcelona.com\/it\/wp-json\/wp\/v2\/pages"}],"about":[{"href":"https:\/\/hollyweedbarcelona.com\/it\/wp-json\/wp\/v2\/types\/page"}],"author":[{"embeddable":true,"href":"https:\/\/hollyweedbarcelona.com\/it\/wp-json\/wp\/v2\/users\/5"}],"replies":[{"embeddable":true,"href":"https:\/\/hollyweedbarcelona.com\/it\/wp-json\/wp\/v2\/comments?post=4778"}],"version-history":[{"count":0,"href":"https:\/\/hollyweedbarcelona.com\/it\/wp-json\/wp\/v2\/pages\/4778\/revisions"}],"wp:attachment":[{"href":"https:\/\/hollyweedbarcelona.com\/it\/wp-json\/wp\/v2\/media?parent=4778"}],"curies":[{"name":"wp","href":"https:\/\/api.w.org\/{rel}","templated":true}]}}